{"id":43,"date":"2023-04-11T18:10:30","date_gmt":"2023-04-11T16:10:30","guid":{"rendered":"https:\/\/ambasciatapraga.esteri.it\/?page_id=43"},"modified":"2025-12-15T11:55:13","modified_gmt":"2025-12-15T10:55:13","slug":"diplomazia-economica","status":"publish","type":"page","link":"https:\/\/ambluanda.esteri.it\/it\/italia-e-angola\/diplomazia-economica\/","title":{"rendered":"Diplomazia economica"},"content":{"rendered":"<p style=\"text-align: justify;\">L\u2019Ambasciata ha curato la realizzazione di una guida agli affari in Angola, destinata agli operatori economici italiani che desiderano affacciarsi sul mercato angolano. La guida \u00e8 scaricabile grautitamente qui: <a href=\"https:\/\/ambluanda.esteri.it\/wp-content\/uploads\/2025\/12\/Diplomazia-della-Crescita-Destinazione-Angola.pdf\">Diplomazia della Crescita &#8211; Destinazione Angola<\/a>.<\/p>\n<p style=\"text-align: justify;\">Informazioni dettagliate per le imprese sono disponibili sul portale\u00a0<a href=\"http:\/\/www.infomercatiesteri.it\/\">http:\/\/www.infomercatiesteri.it<\/a><\/p>\n<p style=\"text-align: justify;\">Le imprese italiane potranno contattare l\u2019ufficio commerciale dell\u2019Ambasciata utilizzando il portale \u201c<a href=\"https:\/\/nexus.esteri.it\/\">NEXUS<\/a>\u201d, l\u2019applicativo di customer relationship management predisposto dal Ministero degli Esteri e della Cooperazione Internazionale.<\/p>\n<h3 style=\"text-align: justify;\"><strong>INFOMERCATI ESTERI<\/strong><\/h3>\n<div class=\"col-12\">\n<p class=\"text-justify\" style=\"text-align: justify;\">Con infoMercatiEsteri il sito della Farnesina si arricchisce di una piattaforma altamente innovativa e completamente gratuita, ideata e realizzata dalla Direzione Generale per la Promozione del Sistema Paese \u2013 Ufficio I, per soddisfare la richiesta di informazioni sui mercati esteri proveniente dagli operatori economici nazionali.<\/p>\n<p class=\"text-justify\" style=\"text-align: justify;\">Grazie al costante lavoro di analisi delle Ambasciate e dei Consolati, con la collaborazione delle Unit\u00e0 dell\u2019Agenzia ICE in essi integrate, e ai contributi dell\u2019ENIT e delle Camere di Commercio italiane all\u2019estero, infoMercatiEsteri mette a disposizione del sistema produttivo italiano uno strumento ricco di informazioni utili per le scelte di internazionalizzazione.<\/p>\n<p class=\"text-justify\" style=\"text-align: justify;\">Scegliendo il percorso di accesso geografico, per ciascun Paese \u00e8 possibile ottenere informazioni su:<\/p>\n<ul style=\"text-align: justify;\">\n<li>outlook economico e politico;<\/li>\n<li>opportunit\u00e0 di mercato e possibilit\u00e0 di partnership con aziende locali e\/o italiane;<\/li>\n<li>prossime iniziative promozionali;<\/li>\n<li>ostacoli agli scambi, criticit\u00e0 negli investimenti e possibili rischi;<\/li>\n<li>accesso al credito;<\/li>\n<li>quadro delle presenza italiana e dei rapporti bilaterali.<\/li>\n<\/ul>\n<p class=\"text-justify\" style=\"text-align: justify;\">Alternativamente, scegliendo la modalit\u00e0 di accesso settoriale, \u00e8 possibile acquisire informazioni sul settore prescelto, nonch\u00e9 suggerimenti sui Paesi di prioritario interesse in quel settore secondo criteri personalizzabili relativi al commercio, agli investimenti, alle caratteristiche del mercato e alle segnalazioni provenienti dalle Sedi all\u2019estero.<\/p>\n<p style=\"text-align: justify;\">Informazioni dettagliate per le imprese sono disponibili sul portale\u00a0<a href=\"http:\/\/www.infomercatiesteri.it\/\">http:\/\/www.infomercatiesteri.it<\/a><\/p>\n<h3 style=\"text-align: justify;\"><strong>ICE<\/strong><\/h3>\n<div>\n<div class=\"paragraph paragraph--type--titolo-testo paragraph--view-mode--default\">\n<div class=\"Prose\">\n<p style=\"text-align: justify;\">L\u2019ICE-Agenzia per la promozione all\u2019estero e l\u2019internazionalizzazione delle imprese italiane \u00e8 l\u2019organismo attraverso cui il Governo favorisce il consolidamento e lo sviluppo economico-commerciale delle nostre imprese sui mercati esteri. Agisce, inoltre, quale soggetto incaricato di promuovere l\u2019attrazione degli investimenti esteri in Italia. Con una organizzazione dinamica motivata e moderna e una diffusa rete di uffici all\u2019estero, l\u2019ICE svolge attivit\u00e0 di informazione, assistenza, consulenza, promozione e formazione alle piccole e medie imprese italiane. Grazie all\u2019utilizzo dei pi\u00f9 moderni strumenti di promozione e di comunicazione multicanale, agisce per affermare le eccellenze del Made in Italy nel mondo.<\/p>\n<p style=\"text-align: justify;\">Informazioni dettagliate per le imprese sono disponibili sul portale\u00a0<a class=\"\" href=\"https:\/\/www.ice.it\/it\/chi-siamo\" data-focus-mouse=\"false\">https:\/\/www.ice.it\/it\/chi-siamo<\/a><\/p>\n<p style=\"text-align: justify;\">\n<\/div>\n<\/div>\n<\/div>\n<\/div>\n","protected":false},"excerpt":{"rendered":"L\u2019Ambasciata ha curato la realizzazione di una guida agli affari in Angola, destinata agli operatori economici italiani che desiderano affacciarsi sul mercato angolano. La guida \u00e8 scaricabile grautitamente qui: Diplomazia della Crescita &#8211; Destinazione Angola. Informazioni dettagliate per le imprese sono disponibili sul portale\u00a0http:\/\/www.infomercatiesteri.it Le imprese italiane potranno contattare l\u2019ufficio commerciale dell\u2019Ambasciata utilizzando il portale [&hellip;]","protected":false},"author":1,"featured_media":0,"parent":14,"menu_order":0,"comment_status":"closed","ping_status":"closed","template":"","meta":{"footnotes":""},"class_list":["post-43","page","type-page","status-publish","hentry"],"_links":{"self":[{"href":"https:\/\/ambluanda.esteri.it\/it\/wp-json\/wp\/v2\/pages\/43","targetHints":{"allow":["GET"]}}],"collection":[{"href":"https:\/\/ambluanda.esteri.it\/it\/wp-json\/wp\/v2\/pages"}],"about":[{"href":"https:\/\/ambluanda.esteri.it\/it\/wp-json\/wp\/v2\/types\/page"}],"author":[{"embeddable":true,"href":"https:\/\/ambluanda.esteri.it\/it\/wp-json\/wp\/v2\/users\/1"}],"replies":[{"embeddable":true,"href":"https:\/\/ambluanda.esteri.it\/it\/wp-json\/wp\/v2\/comments?post=43"}],"version-history":[{"count":6,"href":"https:\/\/ambluanda.esteri.it\/it\/wp-json\/wp\/v2\/pages\/43\/revisions"}],"predecessor-version":[{"id":3365,"href":"https:\/\/ambluanda.esteri.it\/it\/wp-json\/wp\/v2\/pages\/43\/revisions\/3365"}],"up":[{"embeddable":true,"href":"https:\/\/ambluanda.esteri.it\/it\/wp-json\/wp\/v2\/pages\/14"}],"wp:attachment":[{"href":"https:\/\/ambluanda.esteri.it\/it\/wp-json\/wp\/v2\/media?parent=43"}],"curies":[{"name":"wp","href":"https:\/\/api.w.org\/{rel}","templated":true}]}}