{"id":45,"date":"2023-04-11T18:10:55","date_gmt":"2023-04-11T16:10:55","guid":{"rendered":"https:\/\/ambasciatapraga.esteri.it\/?page_id=45"},"modified":"2026-02-24T16:35:15","modified_gmt":"2026-02-24T15:35:15","slug":"diplomazia-scientifica","status":"publish","type":"page","link":"https:\/\/ambluanda.esteri.it\/it\/italia-e-angola\/diplomazia-scientifica\/","title":{"rendered":"Diplomazia scientifica"},"content":{"rendered":"<p style=\"text-align: justify;\"><strong>L\u2019ITALIA RAFFORZA LA COOPERAZIONE SCIENTIFICA, ACCADEMICA E SPAZIALE CON L\u2019ANGOLA<\/strong><\/p>\n<p style=\"text-align: justify;\">L\u2019Italia si \u00e8 progressivamente affermata come partner internazionale di riferimento nei settori della scienza, dell\u2019istruzione superiore e della tecnologia spaziale, mettendo a disposizione della cooperazione internazionale il proprio know-how, l\u2019eccellenza accademica e la solidit\u00e0 delle proprie istituzioni.<\/p>\n<p style=\"text-align: justify;\"><strong>La leadership italiana nella cooperazione scientifica e accademica<\/strong><\/p>\n<p style=\"text-align: justify;\">Nel quadro del suo forte impegno nella diplomazia scientifica e culturale, l\u2019Italia, attraverso le proprie universit\u00e0 di eccellenza, promuove partenariati strategici con istituzioni accademiche di Paesi partner, tra cui l\u2019Angola.<\/p>\n<p style=\"text-align: justify;\">In tale contesto, nel corso della prima visita di Stato di due giorni di Sua Eccellenza il Presidente della Repubblica d\u2019Angola, Jo\u00e3o Manuel Gon\u00e7alves Louren\u00e7o, nella Repubblica Italiana, sono stati firmati a Roma importanti accordi accademici con l\u2019Universit\u00e0 degli Studi Roma Tre, alla presenza del Ministro delle Relazioni Esterne dell\u2019Angola, T\u00e9te Ant\u00f3nio.<\/p>\n<p style=\"text-align: justify;\">Tra gli strumenti firmati si segnalano:<\/p>\n<ul style=\"text-align: justify;\">\n<li>un accordo tra l\u2019Universit\u00e0 degli Studi Roma Tre e l\u2019Istituto Nazionale per la Gestione delle Borse di Studio (INAGBE), volto ad accogliere studenti angolani in percorsi di formazione e ricerca presso un ateneo italiano riconosciuto a livello internazionale per l\u2019eccellenza nelle scienze sociali, politiche e diplomatiche;<\/li>\n<li>un accordo tra l\u2019Universit\u00e0 degli Studi Roma Tre e l\u2019Accademia Diplomatica Ven\u00e2ncio de Moura, finalizzato alla formazione avanzata di quadri diplomatici.<\/li>\n<\/ul>\n<p style=\"text-align: justify;\">Il Prorettore alle Relazioni Internazionali dell\u2019Universit\u00e0 Roma Tre, Raffaele Marchetti, ha sottolineato che tali accordi costituiscono la base per lo sviluppo di una cooperazione strutturata con il Governo e le istituzioni accademiche angolane, evidenziando che l\u2019ateneo ospita gi\u00e0 studenti angolani e intende ampliare ulteriormente tali opportunit\u00e0. Ha inoltre ricordato che l\u2019universit\u00e0 \u00e8 bilingue e che la maggior parte dei corsi \u00e8 impartita in lingua inglese, posizionandosi tra le prime cinquanta universit\u00e0 al mondo nelle scienze politiche e diplomatiche.<\/p>\n<p style=\"text-align: justify;\">\n<p style=\"text-align: justify;\"><strong>Cooperazione universitaria con l\u2019Universidade Agostinho Neto<\/strong><\/p>\n<p style=\"text-align: justify;\">Sempre nel contesto della visita di Stato, l\u2019Italia ha ospitato la firma dell\u2019Accordo di Cooperazione Scientifica e Culturale tra l\u2019Universit\u00e0 degli Studi Roma Tre e l\u2019Universidade Agostinho Neto (UAN).<\/p>\n<p style=\"text-align: justify;\">L\u2019accordo \u00e8 stato firmato il 26 maggio, dal Rettore dell\u2019UAN, Professor Dottor Pedro Magalh\u00e3es, e dal Rettore dell\u2019Universit\u00e0 Roma Tre, Professor Dottor Massimiliano Fiorucci, e prevede:<\/p>\n<ul style=\"text-align: justify;\">\n<li>la mobilit\u00e0 di ricercatori e docenti nell\u2019ambito dei programmi di post-laurea;<\/li>\n<li>la mobilit\u00e0 di studenti e personale tecnico-amministrativo;<\/li>\n<li>lo scambio di materiale scientifico;<\/li>\n<li>una durata di cinque anni.<\/li>\n<\/ul>\n<p style=\"text-align: justify;\">Tale strumento rafforza il ruolo dell\u2019Italia come piattaforma accademica di eccellenza per la formazione di risorse umane internazionali, promuovendo la circolazione del sapere e il dialogo scientifico.<\/p>\n<p style=\"text-align: justify;\"><strong>L\u2019impegno italiano nella cooperazione spaziale internazionale<\/strong><\/p>\n<p style=\"text-align: justify;\">Parallelamente, l\u2019Italia si distingue come uno degli attori centrali della cooperazione spaziale internazionale, attraverso il Governo italiano e l\u2019Agenzia Spaziale Italiana (ASI), in stretta collaborazione con l\u2019Ufficio delle Nazioni Unite per gli Affari dello Spazio Extra-atmosferico (UNOOSA).<\/p>\n<p style=\"text-align: justify;\">L\u2019Italia ha firmato un Accordo Quadro con l\u2019UNOOSA, nonch\u00e9 un Memorandum d\u2019Intesa con l\u2019ASI, volto a rafforzare la cooperazione nell\u2019uso pacifico dello spazio extra-atmosferico in ambiti quali:<\/p>\n<ul style=\"text-align: justify;\">\n<li>osservazione della Terra;<\/li>\n<li>navigazione e comunicazioni satellitari;<\/li>\n<li>educazione e formazione spaziale;<\/li>\n<li>gestione delle catastrofi naturali;<\/li>\n<li>scienza ed esplorazione spaziale.<\/li>\n<\/ul>\n<p style=\"text-align: justify;\">Tali accordi confermano il ruolo di leadership dell\u2019Italia nella promozione di un accesso responsabile, inclusivo e sostenibile alle tecnologie spaziali, mettendo le proprie competenze al servizio della comunit\u00e0 internazionale.<\/p>\n<p style=\"text-align: justify;\"><strong>L\u2019Angola come partner strategico<\/strong><\/p>\n<p style=\"text-align: justify;\">In questo quadro di leadership italiana, l\u2019Angola si configura come partner strategico dell\u2019Italia in Africa, beneficiando di una cooperazione in costante crescita nei settori accademico, scientifico e istituzionale.<\/p>\n<p style=\"text-align: justify;\">Attualmente, Italia e Angola cooperano anche in ambiti chiave quali energia, agricoltura, difesa e trasporti, creando basi solide per l\u2019estensione della cooperazione a nuovi settori, inclusi la scienza, l\u2019innovazione e, progressivamente, lo spazio.<\/p>\n<p style=\"text-align: justify;\"><strong>Conclusione<\/strong><\/p>\n<p style=\"text-align: justify;\">L\u2019azione dell\u2019Italia testimonia una chiara volont\u00e0 politica e istituzionale di rafforzare la cooperazione con l\u2019Angola, fondata sulla condivisione del sapere, sulla formazione di quadri qualificati e sulla promozione dello sviluppo sostenibile.<\/p>\n<p style=\"text-align: justify;\">Gli accordi firmati confermano il ruolo centrale dell\u2019Italia come partner di eccellenza, aprendo prospettive concrete per una cooperazione sempre pi\u00f9 ambiziosa e strutturata tra i due Paesi.<\/p>\n","protected":false},"excerpt":{"rendered":"L\u2019ITALIA RAFFORZA LA COOPERAZIONE SCIENTIFICA, ACCADEMICA E SPAZIALE CON L\u2019ANGOLA L\u2019Italia si \u00e8 progressivamente affermata come partner internazionale di riferimento nei settori della scienza, dell\u2019istruzione superiore e della tecnologia spaziale, mettendo a disposizione della cooperazione internazionale il proprio know-how, l\u2019eccellenza accademica e la solidit\u00e0 delle proprie istituzioni. La leadership italiana nella cooperazione scientifica e accademica [&hellip;]","protected":false},"author":1,"featured_media":0,"parent":14,"menu_order":4,"comment_status":"closed","ping_status":"closed","template":"","meta":{"footnotes":""},"class_list":["post-45","page","type-page","status-publish","hentry"],"_links":{"self":[{"href":"https:\/\/ambluanda.esteri.it\/it\/wp-json\/wp\/v2\/pages\/45","targetHints":{"allow":["GET"]}}],"collection":[{"href":"https:\/\/ambluanda.esteri.it\/it\/wp-json\/wp\/v2\/pages"}],"about":[{"href":"https:\/\/ambluanda.esteri.it\/it\/wp-json\/wp\/v2\/types\/page"}],"author":[{"embeddable":true,"href":"https:\/\/ambluanda.esteri.it\/it\/wp-json\/wp\/v2\/users\/1"}],"replies":[{"embeddable":true,"href":"https:\/\/ambluanda.esteri.it\/it\/wp-json\/wp\/v2\/comments?post=45"}],"version-history":[{"count":3,"href":"https:\/\/ambluanda.esteri.it\/it\/wp-json\/wp\/v2\/pages\/45\/revisions"}],"predecessor-version":[{"id":3607,"href":"https:\/\/ambluanda.esteri.it\/it\/wp-json\/wp\/v2\/pages\/45\/revisions\/3607"}],"up":[{"embeddable":true,"href":"https:\/\/ambluanda.esteri.it\/it\/wp-json\/wp\/v2\/pages\/14"}],"wp:attachment":[{"href":"https:\/\/ambluanda.esteri.it\/it\/wp-json\/wp\/v2\/media?parent=45"}],"curies":[{"name":"wp","href":"https:\/\/api.w.org\/{rel}","templated":true}]}}