{"id":46,"date":"2023-04-11T18:11:52","date_gmt":"2023-04-11T16:11:52","guid":{"rendered":"https:\/\/ambasciatapraga.esteri.it\/?page_id=46"},"modified":"2026-02-24T16:24:10","modified_gmt":"2026-02-24T15:24:10","slug":"cooperazione-allo-sviluppo","status":"publish","type":"page","link":"https:\/\/ambluanda.esteri.it\/it\/italia-e-angola\/cooperazione-allo-sviluppo\/","title":{"rendered":"Cooperazione allo sviluppo"},"content":{"rendered":"<p style=\"text-align: justify;\">La cooperazione tra l\u2019Italia e l\u2019Angola rappresenta un elemento strategico delle relazioni bilaterali, fondata su una visione condivisa di sviluppo sostenibile, solidariet\u00e0 internazionale e rafforzamento istituzionale. Questa partnership riflette l\u2019impegno di entrambi i Paesi nel promuovere politiche e azioni orientate all\u2019inclusione sociale, a una crescita economica equilibrata e al consolidamento delle capacit\u00e0 locali, contribuendo a uno sviluppo duraturo e al benessere delle popolazioni.<br \/>\nLa cooperazione italiana in Angola copre diversi settori strategici, in particolare l\u2019istruzione, la sanit\u00e0, la formazione professionale e lo sviluppo comunitario. Attraverso il sostegno a iniziative in questi ambiti, l\u2019Italia contribuisce al rafforzamento delle competenze locali, al miglioramento dell\u2019accesso ai servizi essenziali e alla creazione di opportunit\u00e0 per giovani e adulti, promuovendo una societ\u00e0 pi\u00f9 inclusiva e resiliente.<br \/>\nEsempi concreti di questa collaborazione includono l\u2019attivit\u00e0 di istituzioni italiane con una lunga presenza nel Paese, come i Salesiani di Don Bosco e il CUAM, nonch\u00e9 la partecipazione pi\u00f9 recente di imprese come ENI e Natural Energie, impegnate in progetti di sviluppo sostenibile, tra cui la produzione di fornelli e altre soluzioni energetiche. Parallelamente, diverse organizzazioni italiane dedicate all\u2019azione sociale e alla formazione professionale svolgono un ruolo fondamentale nella qualificazione delle risorse umane e nell\u2019attuazione di progetti di inclusione sociale.<\/p>\n","protected":false},"excerpt":{"rendered":"La cooperazione tra l\u2019Italia e l\u2019Angola rappresenta un elemento strategico delle relazioni bilaterali, fondata su una visione condivisa di sviluppo sostenibile, solidariet\u00e0 internazionale e rafforzamento istituzionale. Questa partnership riflette l\u2019impegno di entrambi i Paesi nel promuovere politiche e azioni orientate all\u2019inclusione sociale, a una crescita economica equilibrata e al consolidamento delle capacit\u00e0 locali, contribuendo a [&hellip;]","protected":false},"author":1,"featured_media":0,"parent":14,"menu_order":6,"comment_status":"closed","ping_status":"closed","template":"","meta":{"footnotes":""},"class_list":["post-46","page","type-page","status-publish","hentry"],"_links":{"self":[{"href":"https:\/\/ambluanda.esteri.it\/it\/wp-json\/wp\/v2\/pages\/46","targetHints":{"allow":["GET"]}}],"collection":[{"href":"https:\/\/ambluanda.esteri.it\/it\/wp-json\/wp\/v2\/pages"}],"about":[{"href":"https:\/\/ambluanda.esteri.it\/it\/wp-json\/wp\/v2\/types\/page"}],"author":[{"embeddable":true,"href":"https:\/\/ambluanda.esteri.it\/it\/wp-json\/wp\/v2\/users\/1"}],"replies":[{"embeddable":true,"href":"https:\/\/ambluanda.esteri.it\/it\/wp-json\/wp\/v2\/comments?post=46"}],"version-history":[{"count":4,"href":"https:\/\/ambluanda.esteri.it\/it\/wp-json\/wp\/v2\/pages\/46\/revisions"}],"predecessor-version":[{"id":3601,"href":"https:\/\/ambluanda.esteri.it\/it\/wp-json\/wp\/v2\/pages\/46\/revisions\/3601"}],"up":[{"embeddable":true,"href":"https:\/\/ambluanda.esteri.it\/it\/wp-json\/wp\/v2\/pages\/14"}],"wp:attachment":[{"href":"https:\/\/ambluanda.esteri.it\/it\/wp-json\/wp\/v2\/media?parent=46"}],"curies":[{"name":"wp","href":"https:\/\/api.w.org\/{rel}","templated":true}]}}