{"id":49,"date":"2023-04-11T18:13:11","date_gmt":"2023-04-11T16:13:11","guid":{"rendered":"https:\/\/ambasciatapraga.esteri.it\/?page_id=49"},"modified":"2024-11-19T18:44:13","modified_gmt":"2024-11-19T17:44:13","slug":"passaporti-e-carte-didentita","status":"publish","type":"page","link":"https:\/\/ambluanda.esteri.it\/it\/servizi-consolari-e-visti\/servizi-per-il-cittadino-italiano\/passaporti-e-carte-didentita\/","title":{"rendered":"Passaporti e Carte d\u2019identit\u00e0"},"content":{"rendered":"<header class=\"entry-header\"><\/header>\n<div class=\"entry-content\">\n<p>Per i cittadini iscritti AIRE\u00a0 \u00e8 necessario compilare il modulo allegato qui di seguito:<\/p>\n<p>&#8211; <a href=\"https:\/\/ambluanda.esteri.it\/wp-content\/uploads\/2023\/10\/modulo-di-domanda-di-passaporto-maggiorenne.doc\">Modulo di domanda passaporto per cittadino maggiorenne<\/a><\/p>\n<p>&#8211; <a href=\"https:\/\/ambluanda.esteri.it\/wp-content\/uploads\/2023\/10\/modulo_di_domanda_di_passaporto_a_favore_di_minorenne_250518-2.doc\">Modulo di domanda passaporto per cittadino minorenne<\/a><\/p>\n<\/div>\n<p>&nbsp;<\/p>\n<p>Per i cittadini non iscritti AIRE \u00e8 necessario inviare una mail a <a href=\"consolare.luanda@esteri.it\">consolare.luanda@esteri.it<\/a>.<\/p>\n<p>&nbsp;<\/p>\n<h1 class=\"entry-title h3\">Carta d&#8217;identit\u00e0<\/h1>\n<p style=\"text-align: justify;\"><strong>Che cos\u2019\u00e8 la carta d\u2019identit\u00e0 elettronica<\/strong>.<\/p>\n<p style=\"text-align: justify;\">La carta d\u2019identit\u00e0 \u00e8 un documento personale di riconoscimento valido per identificarsi e circolare nell\u2019Unione Europea, in alcuni Stati aderenti all\u2019accordo di Schengen (ad es. Islanda, Norvegia e Svizzera) e in altri Stati con cui sono stati raggiunti accordi bilaterali (vedasi le singole \u201cschede Paese\u201d sul sito <a href=\"http:\/\/www.viaggiaresicuri.it\">www.viaggiaresicuri.it<\/a>).<\/p>\n<p style=\"text-align: justify;\"><strong>La carta d\u2019identit\u00e0 elettronica (CIE) \u00e8 la nuova carta d\u2019identit\u00e0 in formato tessera<\/strong>; oltre a svolgere le stesse funzioni di quella cartacea, consente di accedere ai servizi online delle Pubbliche Amministrazioni italiane.<\/p>\n<p style=\"text-align: justify;\"><strong><br \/>\nA chi pu\u00f2 essere rilasciata la carta d\u2019identit\u00e0 elettronica<\/strong>.<\/p>\n<p style=\"text-align: justify;\">La Cancelleria Consolare dell\u2019Ambasciata d\u2019Italia a Luanda pu\u00f2 rilasciare la carta d\u2019identit\u00e0 <strong><u>esclusivamente ai cittadini italiani regolarmente residenti nella propria circoscrizione consolare<\/u><\/strong><u> (Angola e S\u00e3o Tom\u00e9 e Principe) registrati nello schedario consolare e i cui dati anagrafici siano gi\u00e0 presenti nel registro A.I.R.E. (Anagrafe degli Italiani Residenti all\u2019Estero) del Ministero dell\u2019Interno.<\/u><\/p>\n<p style=\"text-align: justify;\">Chi non \u00e8 registrato all\u2019A.I.R.E. dovr\u00e0 prima regolarizzare la propria iscrizione anagrafica ed attendere, prima di poter far domanda, di essere inserito in tale registro da parte del Comune italiano competente (per i cittadini non iscritti all\u2019A.I.R.E., la competenza al rilascio della carta d\u2019identit\u00e0 rimane al Comune di residenza).<\/p>\n<p style=\"text-align: justify;\"><u>Ai fini della registrazione nella banca dati A.I.R.E. \u00e8 indispensabile, per i cittadini italiani nati all\u2019estero, che l\u2019atto di nascita risulti gi\u00e0 trascritto nei registri di Stato Civile del Comune di riferimento.<\/u><\/p>\n<p style=\"text-align: justify;\">Nel caso si sia cambiato indirizzo di residenza (rispetto a quello comunicato all\u2019Ufficio consolare), \u00e8 necessario chiedere la variazione di indirizzo.<\/p>\n<p style=\"text-align: justify;\">Inoltre, per ottenere la CIE \u00e8 indispensabile possedere il codice fiscale validato dall\u2019Agenzia delle Entrate. Qualora il connazionale non sia in possesso di un codice fiscale o quest\u2019ultimo non sia stato validato, sar\u00e0 cura della Cancelleria Consolare richiederlo tramite l\u2019Agenzia delle Entrate.<\/p>\n<p><strong>Come si richiede la carta d\u2019identit\u00e0 elettronica (CIE)<\/strong><\/p>\n<p style=\"text-align: justify;\">E\u2019 possibile richiedere il rilascio della carta di identit\u00e0 solo tramite prenotazione di un appuntamento.<\/p>\n<p style=\"text-align: justify;\">La prenotazione dell\u2019appuntamento va fatta utilizzando la piattaforma <a href=\"https:\/\/prenotami.esteri.it\">Prenot@mi<\/a>.<\/p>\n<p style=\"text-align: justify;\">Per accedere occorrer\u00e0 registrarsi come utente su quella piattaforma.<\/p>\n<p style=\"text-align: justify;\">Anche gli utenti gi\u00e0 registrati sul vecchio portale PrenotaOnLine, dovranno fare una nuova registrazione sulla piattaforma <a href=\"https:\/\/prenotami.esteri.it\">Prenot@mi<\/a>.<\/p>\n<p style=\"text-align: justify;\">In caso di motivate esigenze e concreti impedimenti \u00e8 possibile concordare un appuntamento per il rilascio della Carta di Identit\u00e0 scrivendo a\u00a0<a href=\"mailto:consolare.luanda@esteri.it\">consolare.luanda@esteri.it<\/a> (<strong><u>attenzione<\/u><\/strong>: chiedere la CIE direttamente allo sportello, senza appuntamento, non \u00e8 possibile).<\/p>\n<p style=\"text-align: justify;\"><strong>Qual \u00e8 la documentazione necessaria da presentare al momento dell\u2019appuntamento per richiedere la CIE<\/strong><\/p>\n<p style=\"text-align: justify;\">Il giorno dell\u2019appuntamento, il richiedente deve presentarsi munito di:<\/p>\n<p style=\"text-align: justify;\">\u2013 <strong>carta d\u2019identit\u00e0 precedente<\/strong> (se non si possiede, altro documento di riconoscimento, due testimoni); se la CIE \u00e8 richiesta per un minorenne \u00e8 necessario che anche il genitore che accompagna presenti un documento di riconoscimento. La carta di identit\u00e0 precedente viene ritirata il giorno dell\u2019appuntamento.<\/p>\n<p style=\"text-align: justify;\">\u2013 <strong>1 fotocopia del documento precedente<\/strong> (fotocopia di fronte e retro della carta d\u2019identit\u00e0; fotocopia delle pagine 2, 3, 4 e 5 del passaporto);<\/p>\n<p style=\"text-align: justify;\">\u2013 <strong>1 fototessera<\/strong> (recente, frontale, a colori formato 35 x 45 mm).<\/p>\n<p style=\"text-align: justify;\">\u2013 nel caso in cui si richieda la <strong>carta d\u2019identit\u00e0 per un figlio minore di 18 anni<\/strong>, atto di assenso da parte dell\u2019altro genitore (la firma del genitore straniero dovr\u00e0 essere autenticata a cura dell\u2019Autorit\u00e0 italiana o da parte di autorit\u00e0 preposta ai sensi della normativa locale debitamente legalizzata). In caso di decesso di uno dei genitori \u00e8 necessario presentare l\u2019atto di morte dello stesso.<\/p>\n<p style=\"text-align: justify;\">\u2013 nel caso in cui il richiedente non sia pi\u00f9 in possesso del precedente documento in seguito a furto o smarrimento, \u00e8 necessario presentare al momento dell\u2019appuntamento il formulario di dichiarazione di furto o smarrimento unitamente alla denuncia effettuata presso le autorit\u00e0 di Polizia locale.<\/p>\n<p style=\"text-align: justify;\">Il costo della CIE \u00e8 di:<\/p>\n<ul style=\"text-align: justify;\">\n<li>\u00a0<strong>21,95\u00a0<\/strong>euro complessivi (corrisposti in valuta locale), in caso di primo rilascio o rinnovo;<\/li>\n<li><strong>\u00a027,11<\/strong>\u00a0euro complessivi (corrisposti in valuta locale), in caso di duplicato per furto, smarrimento o deterioramento.<\/li>\n<\/ul>\n<p style=\"text-align: justify;\"><strong>Il giorno dell\u2019appuntamento saranno effettuate le seguenti operazioni. \u00a0<\/strong><\/p>\n<p style=\"text-align: justify;\">Il giorno dell\u2019appuntamento, l\u2019operatore consolare acquisisce la documentazione indicata al punto precedente, effettua il riconoscimento e la verifica della foto ed acquisisce le impronte digitali e la firma (salvo per i minori di anni 12).<\/p>\n<p style=\"text-align: justify;\">Anche i minori di et\u00e0 inferiore ai 12 anni devono essere presenti, in quanto \u00e8 necessaria la loro identificazione da parte del funzionario incaricato. I minori devono essere sempre accompagnati da uno dei genitori o comunque dal titolare della responsabilit\u00e0 genitoriale.<\/p>\n<p style=\"text-align: justify;\"><strong>Come si riceve la Carta d\u2019identit\u00e0 elettronica<\/strong><\/p>\n<p style=\"text-align: justify;\">La CIE \u00e8 emessa dal Ministero dell\u2019Interno e prodotta dall\u2019Istituto Poligrafico e Zecca dello Stato, che la spedisce, a mezzo posta raccomandata, all\u2019indirizzo di residenza (o recapito) dichiarato dal richiedente. Salvo casi particolari, la CIE dovrebbe arrivare per posta entro 15 giorni dal giorno dell\u2019appuntamento (il connazionale potr\u00e0 seguire la raccomandata autonomamente online, attraverso il codice di tracciamento).<\/p>\n<p style=\"text-align: justify;\">In caso di mancata consegna, scaduto il termine di giacenza presso l\u2019ufficio postale il plico viene restituito all\u2019Ufficio consolare per ulteriori tentativi di consegna.<\/p>\n<p style=\"text-align: justify;\"><strong>Quanto tempo vale la carta d\u2019identit\u00e0.<\/strong><\/p>\n<p style=\"text-align: justify;\">La validit\u00e0 della carta d\u2019identit\u00e0 varia a seconda dell\u2019et\u00e0 del titolare ed \u00e8 di:<\/p>\n<p style=\"text-align: justify;\">\u2013 3 anni per i minori di et\u00e0 compresa tra 0 e 3 anni;<\/p>\n<p style=\"text-align: justify;\">\u2013 5 anni per i minori di et\u00e0 compresa tra 3 anni e il raggiungimento della maggiore et\u00e0 (18 anni);<\/p>\n<p style=\"text-align: justify;\">\u2013 10 anni dai 18 anni di et\u00e0.<\/p>\n<p style=\"text-align: justify;\"><strong>Per il rilascio della carta d\u2019identit\u00e0 al cittadino che abbia figli minori \u00e8 necessario l\u2019assenso dell\u2019altro genitore?<\/strong><\/p>\n<p style=\"text-align: justify;\"><strong>No<\/strong>. <u>A partire dal 14 giugno 2023<\/u> per il cittadino genitore di figli minori non \u00e8 pi\u00f9 necessario presentare l\u2019atto di assenso dell\u2019altro genitore ai fini del rilascio del\u00a0<strong>proprio<\/strong>\u00a0documento d\u2019identit\u00e0 (passaporto e CIE), ai sensi del Decreto Legge 69\/2023.<\/p>\n<p style=\"text-align: justify;\">Nello specifico il novellato articolo 3-bis della Legge 1185\/1967 indica che, quando vi \u00e8 concreto e attuale pericolo che a causa del trasferimento all\u2019estero questo possa sottrarsi all\u2019adempimento dei suoi obblighi verso i figli, sar\u00e0 possibile per l\u2019altro genitore richiedere una inibitoria al rilascio del documento. L\u2019istanza potr\u00e0 essere presentata presso il giudice competente presso il Tribunale ordinario in cui il minore ha la residenza abituale ovvero, se il minore \u00e8 residente all\u2019estero, il Tribunale nel cui circondario si trova il suo Comune di iscrizione AIRE.<\/p>\n<p style=\"text-align: justify;\">Pertanto il genitore che richiede il rilascio del documento dichiara di non aver ricevuto alcun provvedimento di inibitoria al rilascio del passaporto\/carta d\u2019identit\u00e0.<\/p>\n<p style=\"text-align: justify;\"><strong>Cos\u2019\u00e8 l\u2019atto di assenso?<\/strong><\/p>\n<p style=\"text-align: justify;\">L\u2019atto di assenso \u00e8 una dichiarazione personale prevista dalla legge italiana, che il genitore pu\u00f2 sottoscrivere utilizzando l\u2019apposito modulo di\u00a0<strong>atto di assenso<\/strong>\u00a0o redigendo una dichiarazione sostitutiva di certificazione; all\u2019atto di assenso va allegata una fotocopia del proprio documento di identit\u00e0.<br \/>\nSe l\u2019altro genitore non \u00e8 cittadino dell\u2019Unione Europea, la sua firma va autenticata personalmente dall\u2019Ufficio consolare o dal Comune di residenza o altra autorit\u00e0 competente (notaio).<\/p>\n<p style=\"text-align: justify;\">Al fine di verificare la correttezza dell\u2019atto di assenso presentato \u00e8 necessario che il minore sia iscritto in anagrafe o portare il certificato di nascita in originale (che dovr\u00e0 recare una data di rilascio non anteriore a 6 mesi) da cui si evincano maternit\u00e0 e paternit\u00e0 del minore. Nel caso di genitori non sposati, il certificato di nascita deve riportare generalit\u00e0, luogo e data di nascita dei genitori; in mancanza di questi dati, il genitore dovr\u00e0 portare con l\u2019atto di riconoscimento in originale. In caso di decesso di uno dei genitori, \u00e8 necessario presentare l\u2019atto di morte dello stesso.<\/p>\n<p style=\"text-align: justify;\">Per ulteriori informazioni ed approfondimenti, si suggerisce di cliccare al seguente link: <a href=\"https:\/\/www.esteri.it\/it\/servizi-consolari-e-visti\/italiani-all-estero\/documenti_di_viaggio\/carta_identita\/\"><strong>Informazioni generali sul sito del Ministero degli Affari Esteri e della Cooperazione Internazionale<\/strong><\/a>.<\/p>\n<p>&nbsp;<\/p>\n","protected":false},"excerpt":{"rendered":"Per i cittadini iscritti AIRE\u00a0 \u00e8 necessario compilare il modulo allegato qui di seguito: &#8211; Modulo di domanda passaporto per cittadino maggiorenne &#8211; Modulo di domanda passaporto per cittadino minorenne &nbsp; Per i cittadini non iscritti AIRE \u00e8 necessario inviare una mail a consolare.luanda@esteri.it. &nbsp; Carta d&#8217;identit\u00e0 Che cos\u2019\u00e8 la carta d\u2019identit\u00e0 elettronica. La carta [&hellip;]","protected":false},"author":1,"featured_media":0,"parent":47,"menu_order":1,"comment_status":"closed","ping_status":"closed","template":"","meta":{"footnotes":""},"class_list":["post-49","page","type-page","status-publish","hentry"],"_links":{"self":[{"href":"https:\/\/ambluanda.esteri.it\/it\/wp-json\/wp\/v2\/pages\/49","targetHints":{"allow":["GET"]}}],"collection":[{"href":"https:\/\/ambluanda.esteri.it\/it\/wp-json\/wp\/v2\/pages"}],"about":[{"href":"https:\/\/ambluanda.esteri.it\/it\/wp-json\/wp\/v2\/types\/page"}],"author":[{"embeddable":true,"href":"https:\/\/ambluanda.esteri.it\/it\/wp-json\/wp\/v2\/users\/1"}],"replies":[{"embeddable":true,"href":"https:\/\/ambluanda.esteri.it\/it\/wp-json\/wp\/v2\/comments?post=49"}],"version-history":[{"count":6,"href":"https:\/\/ambluanda.esteri.it\/it\/wp-json\/wp\/v2\/pages\/49\/revisions"}],"predecessor-version":[{"id":2292,"href":"https:\/\/ambluanda.esteri.it\/it\/wp-json\/wp\/v2\/pages\/49\/revisions\/2292"}],"up":[{"embeddable":true,"href":"https:\/\/ambluanda.esteri.it\/it\/wp-json\/wp\/v2\/pages\/47"}],"wp:attachment":[{"href":"https:\/\/ambluanda.esteri.it\/it\/wp-json\/wp\/v2\/media?parent=49"}],"curies":[{"name":"wp","href":"https:\/\/api.w.org\/{rel}","templated":true}]}}