{"id":97,"date":"2023-04-11T18:24:01","date_gmt":"2023-04-11T16:24:01","guid":{"rendered":"https:\/\/ambasciatapraga.esteri.it\/?page_id=97"},"modified":"2026-02-23T13:51:57","modified_gmt":"2026-02-23T12:51:57","slug":"fare-affari-in-italia","status":"publish","type":"page","link":"https:\/\/ambluanda.esteri.it\/it\/italia-e-angola\/diplomazia-economica\/fare-affari-in-italia\/","title":{"rendered":"Fare affari in Italia"},"content":{"rendered":"<p style=\"text-align: justify;\">In occasione della presidenza italiana del G7 per l&#8217;anno 2024, la Fondazione Edison ha pubblicato lo studio\u00a0 &#8216;The Italian Economy in the G7 Outlook&#8217; (<a href=\"https:\/\/www.fondazioneedison.it\/it\/news\/the-italian-economy-in-the-g7-outlook\/LibrettoA4_G7_DEF.pdf\">ALLEGATO<\/a>) dedicato all\u2019approfondimento statistico dei principali punti di forza dell&#8217;economia italiana e i progressi compiuti nell\u2019ultimo decennio.<\/p>\n<p style=\"text-align: justify;\">Lo studio, redatto in collaborazione con il Centro di ricerche in Analisi economica e sviluppo economico internazionale (CRANEC) dell\u2019Universit\u00e0 Cattolica, evidenzia i seguenti aspetti salienti:<\/p>\n<p style=\"text-align: justify;\"><strong>SVILUPPO SOSTENIBILE E CRESCITA ECONOMICA<\/strong><br \/>\nNegli ultimi 10 anni (2014 \u2013 2023), l\u2019Italia ha registrato la seconda crescita di PIL pro capite tra i Paesi G7, con una media annuale di 1,1%. A seguito della pandemia, si assiste ad un\u2019accelerazione della crescita tendenziale, che proietta l\u2019Italia al primo posto tra i Paesi europei del G7 per crescita economica: +4,6% nel primo trimestre 2024 rispetto al quarto trimestre 2019. La crescita del PIL pro capite (triennio 2020-2023) risulta ancora pi\u00f9 marcata: +4,8%. A tale dinamismo si aggiunge la relativa stabilit\u00e0 dei prezzi. <strong>L\u2019Italia \u00e8 infatti l\u2019unico Paese del G7 a vedere nel gennaio 2024 l\u2019inflazione scendere su base annuale sotto l\u20191%<\/strong>.<br \/>\nTali risultati sono stati raggiunti con una elevata sostenibilit\u00e0 ambientale: <strong>l\u2019Italia si classifica al secondo posto tra i primi 8 esportatori a livello mondiale per Indice di Sviluppo Umano aggiustato per pressione ambientale<\/strong> (PHDI, Planetary pressures-adjusted Human Development Index), un indice sperimentale delle Nazioni Unite che misura lo sviluppo umano tenendo conto anche della pressione esercitata da ciascun Paese sugli equilibri del pianeta, includendo una misurazione pro capite sia delle emissioni di CO2 sia del cosiddetto material footprint, cio\u00e8 il prelievo netto di risorse naturali.<\/p>\n<p style=\"text-align: justify;\"><strong>INDUSTRIA E COMMERCIO INTERNAZIONALE<\/strong><br \/>\n<strong>Nel decennio 2014-2023 l\u2019Italia ha fatto registrare una crescita del 48% nell\u2019export di beni tangibili (merchandise export), una percentuale record nel gruppo G7<\/strong>. La dinamica positiva si riflette su un florido saldo di bilancia commerciale, che nel 2023 raggiunge i 37 miliardi di dollari.<br \/>\nLa forza dell\u2019export italiano \u00e8 trainata dai distretti industriali, caratterizzati da un alto grado di specializzazione e integrazione verticale, un numero elevato di piccole e medie imprese, bassa delocalizzazione e bassa dipendenza da fornitori esteri. A titolo d\u2019esempio, i distretti della pelletteria (Vicenza, Pisa e Avellino) occupano circa il 50% dell\u2019intera forza lavoro europea del settore.<br \/>\nL\u2019ecosistema industriale italiano si \u00e8 progressivamente rafforzato grazie ad ingenti investimenti produttivi, che hanno proiettato il nostro Paese al secondo posto tra i Paesi G7 per investimenti lordi sul PIL (7,1% nel 2021).<br \/>\nQuesto dinamismo ha permesso all\u2019Italia di specializzarsi in settori ad alto contenuto tecnologico. <strong>I \u201cmagnifici 7\u201d, ossia i principali settori dell\u2019economia italiana, generano circa il 60% dell\u2019export italiano e sono identificati dalle tradizionali \u201c3F\u201d e dalle \u201c4M\u201d<\/strong>.<\/p>\n<p style=\"text-align: justify;\">3F:<br \/>\n&#8211; Fashion: 85 miliardi di euro<br \/>\n&#8211; Food, wine and tabacco: 51 miliardi di euro<br \/>\n&#8211; Furniture: 25 miliardi di euro<\/p>\n<p style=\"text-align: justify;\">4M:<br \/>\n&#8211; Machinery and equipment: 117 miliardi di euro<br \/>\n&#8211; Metal products: 59 miliardi di euro<br \/>\n&#8211; Motor yachts and other luxury or hi-tech transport equipment: 42 miliardi di euro<br \/>\n&#8211; Medicaments and personal care products: 29 miliardi di euro<br \/>\nIl saldo della bilancia commerciale dei \u201cmagnifici 7\u201d \u00e8 saldamente in territorio positivo e si attesta a circa 206 miliardi di euro.<\/p>\n<p style=\"text-align: justify;\"><strong>FINANZA PUBBLICA E PRIVATA<\/strong><br \/>\nSebbene il Paese sia caratterizzato da un alto debito pubblico, quest\u2019ultimo \u00e8 in mano principalmente a soggetti italiani. Solo un quarto del debito pubblico \u00e8 infatti detenuto da soggetti stranieri. Questo rende il Paese meno vulnerabile alla volatilit\u00e0 e alla speculazione dei mercati finanziari internazionali.<br \/>\nNegli ultimi 30 anni, l\u2019Italia ha registrato un avanzo primario, al netto del servizio del debito per ben 24 anni. Rispetto al 1995, l\u2019Italia \u00e8 l\u2019unico Paese G7 che, al netto degli interessi, ha ridotto il proprio debito pubblico.<br \/>\nNonostante le politiche fiscali espansive indotte dalla pandemia, l\u2019Italia \u00e8 il Paese G7 che ha incrementato in misura minore il proprio rapporto Debito pubblico\/PIL (+3,1% nel quadriennio 2019-2023). Dopo la pandemia, il nostro Paese ha ridotto il rapporto debito pi\u00f9 velocemente di numerosi Paesi europei (-17,7% nel 2023 sui livelli del 2020).<br \/>\n<strong>La solidit\u00e0 finanziaria del Paese \u00e8 altres\u00ec assicurata da una bassa esposizione debitoria di famiglie e imprese<\/strong>. Il debito privato italiano (famiglie + imprese non finanziarie) \u00e8 il pi\u00f9 basso tra le principali economie del pianeta (102% del PIL).<br \/>\nLa bilancia commerciale positiva rende inoltre il nostro Paese un creditore netto sull\u2019estero. La posizione patrimoniale netta sull\u2019estero dell\u2019Italia \u2013 ossia la differenza tra le attivit\u00e0 e le passivit\u00e0 finanziarie esterne del Paese \u2013 \u00e8 infatti positiva e vale circa il 7,4% del PIL.<\/p>\n","protected":false},"excerpt":{"rendered":"In occasione della presidenza italiana del G7 per l&#8217;anno 2024, la Fondazione Edison ha pubblicato lo studio\u00a0 &#8216;The Italian Economy in the G7 Outlook&#8217; (ALLEGATO) dedicato all\u2019approfondimento statistico dei principali punti di forza dell&#8217;economia italiana e i progressi compiuti nell\u2019ultimo decennio. Lo studio, redatto in collaborazione con il Centro di ricerche in Analisi economica e [&hellip;]","protected":false},"author":1,"featured_media":0,"parent":43,"menu_order":0,"comment_status":"closed","ping_status":"closed","template":"","meta":{"footnotes":""},"class_list":["post-97","page","type-page","status-publish","hentry"],"_links":{"self":[{"href":"https:\/\/ambluanda.esteri.it\/it\/wp-json\/wp\/v2\/pages\/97","targetHints":{"allow":["GET"]}}],"collection":[{"href":"https:\/\/ambluanda.esteri.it\/it\/wp-json\/wp\/v2\/pages"}],"about":[{"href":"https:\/\/ambluanda.esteri.it\/it\/wp-json\/wp\/v2\/types\/page"}],"author":[{"embeddable":true,"href":"https:\/\/ambluanda.esteri.it\/it\/wp-json\/wp\/v2\/users\/1"}],"replies":[{"embeddable":true,"href":"https:\/\/ambluanda.esteri.it\/it\/wp-json\/wp\/v2\/comments?post=97"}],"version-history":[{"count":4,"href":"https:\/\/ambluanda.esteri.it\/it\/wp-json\/wp\/v2\/pages\/97\/revisions"}],"predecessor-version":[{"id":3547,"href":"https:\/\/ambluanda.esteri.it\/it\/wp-json\/wp\/v2\/pages\/97\/revisions\/3547"}],"up":[{"embeddable":true,"href":"https:\/\/ambluanda.esteri.it\/it\/wp-json\/wp\/v2\/pages\/43"}],"wp:attachment":[{"href":"https:\/\/ambluanda.esteri.it\/it\/wp-json\/wp\/v2\/media?parent=97"}],"curies":[{"name":"wp","href":"https:\/\/api.w.org\/{rel}","templated":true}]}}