{"id":196,"date":"2023-04-11T17:07:36","date_gmt":"2023-04-11T16:07:36","guid":{"rendered":"https:\/\/ambluanda.esteri.it\/chi-siamo\/"},"modified":"2025-11-17T12:04:48","modified_gmt":"2025-11-17T11:04:48","slug":"chi-siamo","status":"publish","type":"page","link":"https:\/\/ambluanda.esteri.it\/pt\/chi-siamo\/","title":{"rendered":"Quem somos"},"content":{"rendered":"<p><span class=\"jCAhz ChMk0b\"><span class=\"ryNqvb\">A Embaixada de It\u00e1lia em Luanda situa-se no bairro da Ingombota, no centro da cidade (Rua Am\u00e9rico Boavida, 51), num edif\u00edcio de dois pisos com \u00e1reas cont\u00edguas dedicadas \u00e0 Sec\u00e7\u00e3o Consular, ao Escrit\u00f3rio ICE e ao Escrit\u00f3rio do Adido de Defesa. <\/span><\/span><\/p>\n<p><span class=\"jCAhz ChMk0b\"><span class=\"ryNqvb\">A sede da Embaixada foi oficialmente inaugurada pelo ent\u00e3o Vice-Ministro do Desenvolvimento Econ\u00f3mico, Adolfo Urso, durante a sua visita a Luanda em Julho de 2004. <\/span><\/span><\/p>\n<p>&nbsp;<\/p>\n","protected":false},"excerpt":{"rendered":"A Embaixada de It\u00e1lia em Luanda situa-se no bairro da Ingombota, no centro da cidade (Rua Am\u00e9rico Boavida, 51), num edif\u00edcio de dois pisos com \u00e1reas cont\u00edguas dedicadas \u00e0 Sec\u00e7\u00e3o Consular, ao Escrit\u00f3rio ICE e ao Escrit\u00f3rio do Adido de Defesa. A sede da Embaixada foi oficialmente inaugurada pelo ent\u00e3o Vice-Ministro do Desenvolvimento Econ\u00f3mico, Adolfo [&hellip;]","protected":false},"author":1,"featured_media":0,"parent":0,"menu_order":2,"comment_status":"closed","ping_status":"closed","template":"","meta":{"footnotes":""},"class_list":["post-196","page","type-page","status-publish","hentry"],"_links":{"self":[{"href":"https:\/\/ambluanda.esteri.it\/pt\/wp-json\/wp\/v2\/pages\/196","targetHints":{"allow":["GET"]}}],"collection":[{"href":"https:\/\/ambluanda.esteri.it\/pt\/wp-json\/wp\/v2\/pages"}],"about":[{"href":"https:\/\/ambluanda.esteri.it\/pt\/wp-json\/wp\/v2\/types\/page"}],"author":[{"embeddable":true,"href":"https:\/\/ambluanda.esteri.it\/pt\/wp-json\/wp\/v2\/users\/1"}],"replies":[{"embeddable":true,"href":"https:\/\/ambluanda.esteri.it\/pt\/wp-json\/wp\/v2\/comments?post=196"}],"version-history":[{"count":3,"href":"https:\/\/ambluanda.esteri.it\/pt\/wp-json\/wp\/v2\/pages\/196\/revisions"}],"predecessor-version":[{"id":3204,"href":"https:\/\/ambluanda.esteri.it\/pt\/wp-json\/wp\/v2\/pages\/196\/revisions\/3204"}],"wp:attachment":[{"href":"https:\/\/ambluanda.esteri.it\/pt\/wp-json\/wp\/v2\/media?parent=196"}],"curies":[{"name":"wp","href":"https:\/\/api.w.org\/{rel}","templated":true}]}}