{"id":198,"date":"2023-04-11T17:08:57","date_gmt":"2023-04-11T16:08:57","guid":{"rendered":"https:\/\/ambluanda.esteri.it\/servizi-consolari-e-visti\/"},"modified":"2024-07-31T16:49:23","modified_gmt":"2024-07-31T15:49:23","slug":"servizi-consolari-e-visti","status":"publish","type":"page","link":"https:\/\/ambluanda.esteri.it\/pt\/servizi-consolari-e-visti\/","title":{"rendered":"Servi\u00e7os Consulares e Vistos"},"content":{"rendered":"<p class=\"boxLevel03\">Informa-se \u00e0 todos os utentes dos servi\u00e7os consulares que desde 25 de Maio de 2018 est\u00e1 em vigor a nova legisla\u00e7\u00e3o sobre o tratamento de dados pessoais, referente \u00e0 emiss\u00e3o de vistos, aos processos de cidadania e aos restantes servi\u00e7os consulares, nos termos do Regulamento Geral de Prote\u00e7\u00e3o de Dados (UE) 2016\/679 (Art. 13).<\/p>\n<p class=\"boxLevel03\">\n<a href=\"https:\/\/ambluanda.esteri.it\/wp-content\/uploads\/2023\/10\/mod_informativa_visti-1.docx\">Informa\u00e7\u00f5es sobre vistos<\/a><br \/>\n<a href=\"https:\/\/ambluanda.esteri.it\/wp-content\/uploads\/2023\/10\/mod_informativa_cittadinanza__jure_sanguinis_e_naturalizzazione_.docx\">Informa\u00e7\u00f5es sobre cidadania e naturaliza\u00e7\u00e3o jure sanguinis<\/a><br \/>\n<a href=\"https:\/\/ambluanda.esteri.it\/wp-content\/uploads\/2023\/10\/mod_informativa_servizi_consolari__ex_visti_e_cittadinanza_.docx\">Informa\u00e7\u00f5es sobre servi\u00e7os consulares em mat\u00e9ria de vistos e cidadania<\/a><\/p>\n<p>&nbsp;<\/p>\n<ul>\n<li>\n<h3>PREN@TAMI &#8211; A NOVA PLATAFORMA PARA AGENDAR SERVI\u00c7OS CONSOLARES\/VISTOS<\/h3>\n<\/li>\n<\/ul>\n<p>Informa-se aos utentes que para <strong>aceder aos servi\u00e7os consulares<\/strong> e para <strong>apresenta\u00e7\u00e3o de pedidos de visto<\/strong> ser\u00e1 obrigat\u00f3rio efectuar um agendamento no portal <strong>PRENOTAMI:<\/strong> <a href=\"https:\/\/prenotami.esteri.it\/\">https:\/\/prenotami.esteri.it\/<\/a>.<\/p>\n<p>Para aceder aos servi\u00e7os ser\u00e1 primeiro necess\u00e1rio registar-se e escolher a <span style=\"text-decoration: underline;\"><strong>Embaixada de It\u00e1lia em Luanda<\/strong><\/span> como escrit\u00f3rio de refer\u00eancia. O servi\u00e7o de agendamento \u00e9 gratuito.<\/p>\n<p>Os balc\u00f5es estar\u00e3o abertos ao p\u00fablico com as seguintes modalidades:<\/p>\n<p>\u2022 Servi\u00e7os consulares: <strong>segunda<\/strong> e <strong>sexta-feira<\/strong> no hor\u00e1rio das 9:00 \u00e0s 12:30<br \/>\n\u2022 Pedidos de visto:<strong> ter\u00e7a, quarta e quinta-feira<\/strong> no hor\u00e1rio das 9:00 \u00e0s 12:30.<\/p>\n<p>Para os <strong>pedidos de visto<\/strong>, recomenda-se consultar o site: <a href=\"https:\/\/vistoperitalia.esteri.it\">https:\/\/vistoperitalia.esteri.it<\/a> para obter mais informa\u00e7\u00f5es sobre a documenta\u00e7\u00e3o necess\u00e1ria e o <a href=\"https:\/\/ambluanda.esteri.it\/wp-content\/uploads\/2024\/07\/Formulario-visto-schengen-PT-2024.docx\"><strong>preenchimento on-line do formul\u00e1rio<\/strong><\/a> a apresentar no balc\u00e3o.<\/p>\n<p>O pagamento das taxas consulares poder\u00e1 ser feito em dinheiro ou com cart\u00e3o de d\u00e9bito (TPA).<\/p>\n<p>Em caso de urg\u00eancia ou necessidade \u00e9 poss\u00edvel escrever para <a href=\"mailto:luanda.visti@esteri.it\">luanda.visti@esteri.it<\/a> para quest\u00f5es relativas \u00e0 vistos e para c<a href=\"mailto:onsolare.luanda@esteri.it\">onsolare.luanda@esteri.it<\/a> para quest\u00f5es relativas \u00e0 servi\u00e7os consulares.<\/p>\n","protected":false},"excerpt":{"rendered":"Informa-se \u00e0 todos os utentes dos servi\u00e7os consulares que desde 25 de Maio de 2018 est\u00e1 em vigor a nova legisla\u00e7\u00e3o sobre o tratamento de dados pessoais, referente \u00e0 emiss\u00e3o de vistos, aos processos de cidadania e aos restantes servi\u00e7os consulares, nos termos do Regulamento Geral de Prote\u00e7\u00e3o de Dados (UE) 2016\/679 (Art. 13). Informa\u00e7\u00f5es [&hellip;]","protected":false},"author":1,"featured_media":0,"parent":0,"menu_order":6,"comment_status":"closed","ping_status":"closed","template":"","meta":{"footnotes":""},"class_list":["post-198","page","type-page","status-publish","hentry"],"_links":{"self":[{"href":"https:\/\/ambluanda.esteri.it\/pt\/wp-json\/wp\/v2\/pages\/198","targetHints":{"allow":["GET"]}}],"collection":[{"href":"https:\/\/ambluanda.esteri.it\/pt\/wp-json\/wp\/v2\/pages"}],"about":[{"href":"https:\/\/ambluanda.esteri.it\/pt\/wp-json\/wp\/v2\/types\/page"}],"author":[{"embeddable":true,"href":"https:\/\/ambluanda.esteri.it\/pt\/wp-json\/wp\/v2\/users\/1"}],"replies":[{"embeddable":true,"href":"https:\/\/ambluanda.esteri.it\/pt\/wp-json\/wp\/v2\/comments?post=198"}],"version-history":[{"count":3,"href":"https:\/\/ambluanda.esteri.it\/pt\/wp-json\/wp\/v2\/pages\/198\/revisions"}],"predecessor-version":[{"id":1799,"href":"https:\/\/ambluanda.esteri.it\/pt\/wp-json\/wp\/v2\/pages\/198\/revisions\/1799"}],"wp:attachment":[{"href":"https:\/\/ambluanda.esteri.it\/pt\/wp-json\/wp\/v2\/media?parent=198"}],"curies":[{"name":"wp","href":"https:\/\/api.w.org\/{rel}","templated":true}]}}