{"id":210,"date":"2023-04-11T17:55:33","date_gmt":"2023-04-11T16:55:33","guid":{"rendered":"https:\/\/ambluanda.esteri.it\/chi-siamo\/la-sede\/"},"modified":"2024-10-03T16:30:15","modified_gmt":"2024-10-03T15:30:15","slug":"la-sede","status":"publish","type":"page","link":"https:\/\/ambluanda.esteri.it\/pt\/chi-siamo\/la-sede\/","title":{"rendered":"A Sede"},"content":{"rendered":"<p><span class=\"jCAhz ChMk0b\"><span class=\"ryNqvb\">A Embaixada de It\u00e1lia em Luanda situa-se no bairro da Ingombota, no centro da cidade (Rua Am\u00e9rico Boavida, 51), num elegante edif\u00edcio de dois pisos com \u00e1reas cont\u00edguas dedicadas \u00e0 Sec\u00e7\u00e3o Consular, ao Escrit\u00f3rio ICE e ao Escrit\u00f3rio do Adido de Defesa. <\/span><\/span><\/p>\n<p><span class=\"jCAhz ChMk0b\"><span class=\"ryNqvb\">A sede da Embaixada foi oficialmente inaugurada pelo ent\u00e3o Vice-Ministro do Desenvolvimento Econ\u00f3mico, Adolfo Urso, durante a sua visita a Luanda em Julho de 2004. <\/span><\/span><\/p>\n<p><span class=\"jCAhz JpY6Fd\"><span class=\"ryNqvb\">No jardim da Chancelaria, o ent\u00e3o Ministro dos Neg\u00f3cios Estrangeiros Franco Frattini inaugurou, no dia 9 de Fevereiro de 2009, uma Placa em mem\u00f3ria da Dra. Maria Bonino, pediatra do CUAMM &#8211; M\u00e9dicos com \u00c1frica, falecida durante o seu trabalho mission\u00e1rio no U\u00edge.<\/span><\/span><\/p>\n<p>&nbsp;<\/p>\n","protected":false},"excerpt":{"rendered":"A Embaixada de It\u00e1lia em Luanda situa-se no bairro da Ingombota, no centro da cidade (Rua Am\u00e9rico Boavida, 51), num elegante edif\u00edcio de dois pisos com \u00e1reas cont\u00edguas dedicadas \u00e0 Sec\u00e7\u00e3o Consular, ao Escrit\u00f3rio ICE e ao Escrit\u00f3rio do Adido de Defesa. A sede da Embaixada foi oficialmente inaugurada pelo ent\u00e3o Vice-Ministro do Desenvolvimento Econ\u00f3mico, [&hellip;]","protected":false},"author":1,"featured_media":368,"parent":196,"menu_order":2,"comment_status":"closed","ping_status":"closed","template":"","meta":{"footnotes":""},"class_list":["post-210","page","type-page","status-publish","has-post-thumbnail","hentry"],"_links":{"self":[{"href":"https:\/\/ambluanda.esteri.it\/pt\/wp-json\/wp\/v2\/pages\/210","targetHints":{"allow":["GET"]}}],"collection":[{"href":"https:\/\/ambluanda.esteri.it\/pt\/wp-json\/wp\/v2\/pages"}],"about":[{"href":"https:\/\/ambluanda.esteri.it\/pt\/wp-json\/wp\/v2\/types\/page"}],"author":[{"embeddable":true,"href":"https:\/\/ambluanda.esteri.it\/pt\/wp-json\/wp\/v2\/users\/1"}],"replies":[{"embeddable":true,"href":"https:\/\/ambluanda.esteri.it\/pt\/wp-json\/wp\/v2\/comments?post=210"}],"version-history":[{"count":3,"href":"https:\/\/ambluanda.esteri.it\/pt\/wp-json\/wp\/v2\/pages\/210\/revisions"}],"predecessor-version":[{"id":2063,"href":"https:\/\/ambluanda.esteri.it\/pt\/wp-json\/wp\/v2\/pages\/210\/revisions\/2063"}],"up":[{"embeddable":true,"href":"https:\/\/ambluanda.esteri.it\/pt\/wp-json\/wp\/v2\/pages\/196"}],"wp:featuredmedia":[{"embeddable":true,"href":"https:\/\/ambluanda.esteri.it\/pt\/wp-json\/wp\/v2\/media\/368"}],"wp:attachment":[{"href":"https:\/\/ambluanda.esteri.it\/pt\/wp-json\/wp\/v2\/media?parent=210"}],"curies":[{"name":"wp","href":"https:\/\/api.w.org\/{rel}","templated":true}]}}