{"id":211,"date":"2023-04-11T18:01:19","date_gmt":"2023-04-11T17:01:19","guid":{"rendered":"https:\/\/ambluanda.esteri.it\/chi-siamo\/gli-uffici\/"},"modified":"2026-02-10T15:47:54","modified_gmt":"2026-02-10T14:47:54","slug":"gli-uffici","status":"publish","type":"page","link":"https:\/\/ambluanda.esteri.it\/pt\/chi-siamo\/gli-uffici\/","title":{"rendered":"Os Escrit\u00f3rios"},"content":{"rendered":"<p class=\"boxLevel03\"><strong>EMBAIXADA DE ITALIA<br \/>\n<\/strong>Rua Am\u00e9rico Boavida, 51 C.P. 6220<br \/>\nIngombota &#8211; Luanda<br \/>\nTel. (+244) 222 331 245\u00a0\/ 222 331 246<br \/>\nE-mail:\u00a0<a href=\"mailto:ambasciata.luanda@esteri.it\">ambasciata.luanda@esteri.it<\/a><\/p>\n<p>Em caso de<strong> emerg\u00eancia <\/strong>ligar para\u00a0 o n\u00famero<strong>:\u00a0+244 942 438 848<\/strong><\/p>\n<p><strong>Na Embaixada de It\u00e1lia funcionam os seguintes Escrit\u00f3rios:<\/strong><\/p>\n<p><strong>\u2022 Chancelaria Diplom\u00e1tica<\/strong>\u00a0 &#8211; Tel. 222 331245<br \/>\nE-mail:\u00a0<a href=\"mailto:ambasciata.luanda@esteri.it\">ambasciata.luanda@esteri.it<\/a><br \/>\n<strong>\u2022 Sec\u00e7\u00e3o Administrativa<\/strong><br \/>\nE-mail:\u00a0<a href=\"mailto:amm.luanda@esteri.it\">amm.luanda@esteri.it<\/a><br \/>\n<strong>\u2022 Chancelaria Consular\u00a0<\/strong><br \/>\nE-mail:\u00a0<a href=\"mailto:consolare.luanda@esteri.it\">consolare.luanda@esteri.it<\/a><br \/>\n<strong>\u2022 Sec\u00e7\u00e3o de VISTOS<\/strong><br \/>\n\u2022 E-mail:\u00a0<a href=\"mailto:luanda.visti@esteri.it\">luanda.visti@esteri.it<\/a><br \/>\n<strong>\u2022 E-mail certificado:<br \/>\n<\/strong>\u00a0E-mail:<a href=\"mailto:amb.luanda@cert.esteri.it\">amb.luanda@cert.esteri.it<\/a>;\u00a0<a href=\"mailto:amb.luanda.consolare@cert.esteri.it\">amb.luanda.consolare@cert.esteri.it<\/a><br \/>\n<strong>\u2022 Escrit\u00f3rio do Adido de Defesa<\/strong>\u00a0 &#8211; Tel. 222 331245<br \/>\nE-mail:\u00a0<a href=\"mailto:difeitalia.luanda@smd.difesa.it\">difeitalia.luanda@smd.difesa.it<\/a><br \/>\n<strong>\u2022 Escrit\u00f3rio do Adido para os Assuntos Culturais<\/strong>\u00a0 &#8211; Tel. 222 331245<br \/>\nE-mail: \u00a0<a href=\"ambluanda.culturale@esteri.it\">ambluanda.culturale@esteri.it<\/a><br \/>\n<strong>\u2022 Escrit\u00f3rio ICE<\/strong> \u00a0&#8211; Tel. 222 335 421<br \/>\nE-mail:\u00a0<a href=\"luanda@ice.it\">luanda@ice.it<\/a><\/p>\n<p><strong><br \/>\nComposi\u00e7\u00e3o da Embaixada de It\u00e1lia em Angola<br \/>\n<\/strong>Embaixador: <strong>Marco RICCI<\/strong><br \/>\nSegundo Secret\u00e1rio\/Encarregado de Neg\u00f3cios a.i: <strong>Vito GRAZIANO<\/strong>\u00a0<strong><br \/>\n<\/strong>Adido de Defesa:<strong> Cor. Antonio ARIVELLA<br \/>\n<\/strong>Adido para os Assuntos Culturais: <strong>Marcello MATERA<br \/>\n<\/strong>Director Escrit\u00f3rio ICE:<strong> Andrea FERRARI<\/strong><\/p>\n<p><span style=\"text-decoration: underline;\">Os hor\u00e1rios de atendimento ao p\u00fablico s\u00e3o os seguintes:<\/span><\/p>\n<p>Todos os dias das 9.00 as 13.00 horas<\/p>\n<p><span class=\"jCAhz ChMk0b\"><span class=\"ryNqvb\">Fora do hor\u00e1rio de atendimento ao p\u00fablico existe um atendedor de chamadas onde pode ser depositada a mensagem.<\/span><\/span> <span class=\"jCAhz ChMk0b\"><span class=\"ryNqvb\">A Embaixada ligar\u00e1 de volta o mais rapidamente poss\u00edvel.<\/span><\/span><\/p>\n<p>O calend\u00e1rio das festividades observado pela Embaixada para o ano de <strong>2025<\/strong>\u00a0\u00e9 o seguinte:<\/p>\n<div>\u2022 01 Janeiro &#8211; Ano Novo (feriado internacional)<br \/>\n\u2022 06 Janeiro &#8211; Epif\u00e2nia (feriado italiano)<br \/>\n\u2022 04 Fevereiro &#8211; In\u00edcio da luta armada (feriado angolano)<br \/>\n\u2022 04 April &#8211; Dia da Paz\u00a0e da Reconcilia\u00e7\u00e3o Nacional (festa angolana)<\/div>\n<div>\u2022 21 April &#8211; Segunda-feira de P\u00e1scoa (feriado italiano)<\/div>\n<div>\u2022 25 April &#8211; Dia da liberta\u00e7\u00e3o (feriado italiano)<br \/>\n\u2022 01 Maio &#8211; Dia do Trabalhador (feriado internacional)<br \/>\n\u2022 02 Junho &#8211; Festa da Rep\u00fablica italiana (feriado italiano)<br \/>\n\u2022 11 Novembro &#8211; Dia da Independ\u00eancia de Angola (feriado angolano)<br \/>\n\u2022 25 Dezembro &#8211; Natal (feriado internacional)<\/div>\n<div>\u2022 26 Dezembro &#8211; Dia de Santo Est\u00eav\u00e3o (feriado italiano)<\/div>\n","protected":false},"excerpt":{"rendered":"EMBAIXADA DE ITALIA Rua Am\u00e9rico Boavida, 51 C.P. 6220 Ingombota &#8211; Luanda Tel. (+244) 222 331 245\u00a0\/ 222 331 246 E-mail:\u00a0ambasciata.luanda@esteri.it Em caso de emerg\u00eancia ligar para\u00a0 o n\u00famero:\u00a0+244 942 438 848 Na Embaixada de It\u00e1lia funcionam os seguintes Escrit\u00f3rios: \u2022 Chancelaria Diplom\u00e1tica\u00a0 &#8211; Tel. 222 331245 E-mail:\u00a0ambasciata.luanda@esteri.it \u2022 Sec\u00e7\u00e3o Administrativa E-mail:\u00a0amm.luanda@esteri.it \u2022 Chancelaria Consular\u00a0 [&hellip;]","protected":false},"author":1,"featured_media":0,"parent":196,"menu_order":4,"comment_status":"closed","ping_status":"closed","template":"","meta":{"footnotes":""},"class_list":["post-211","page","type-page","status-publish","hentry"],"_links":{"self":[{"href":"https:\/\/ambluanda.esteri.it\/pt\/wp-json\/wp\/v2\/pages\/211","targetHints":{"allow":["GET"]}}],"collection":[{"href":"https:\/\/ambluanda.esteri.it\/pt\/wp-json\/wp\/v2\/pages"}],"about":[{"href":"https:\/\/ambluanda.esteri.it\/pt\/wp-json\/wp\/v2\/types\/page"}],"author":[{"embeddable":true,"href":"https:\/\/ambluanda.esteri.it\/pt\/wp-json\/wp\/v2\/users\/1"}],"replies":[{"embeddable":true,"href":"https:\/\/ambluanda.esteri.it\/pt\/wp-json\/wp\/v2\/comments?post=211"}],"version-history":[{"count":8,"href":"https:\/\/ambluanda.esteri.it\/pt\/wp-json\/wp\/v2\/pages\/211\/revisions"}],"predecessor-version":[{"id":3461,"href":"https:\/\/ambluanda.esteri.it\/pt\/wp-json\/wp\/v2\/pages\/211\/revisions\/3461"}],"up":[{"embeddable":true,"href":"https:\/\/ambluanda.esteri.it\/pt\/wp-json\/wp\/v2\/pages\/196"}],"wp:attachment":[{"href":"https:\/\/ambluanda.esteri.it\/pt\/wp-json\/wp\/v2\/media?parent=211"}],"curies":[{"name":"wp","href":"https:\/\/api.w.org\/{rel}","templated":true}]}}