{"id":214,"date":"2023-04-11T18:10:30","date_gmt":"2023-04-11T17:10:30","guid":{"rendered":"https:\/\/ambluanda.esteri.it\/italia-e-angola\/diplomazia-economica\/"},"modified":"2026-03-19T11:29:22","modified_gmt":"2026-03-19T10:29:22","slug":"diplomazia-economica","status":"publish","type":"page","link":"https:\/\/ambluanda.esteri.it\/pt\/italia-e-angola\/diplomazia-economica\/","title":{"rendered":"Diplomacia Econ\u00f4mica"},"content":{"rendered":"<p style=\"text-align: justify;\">A Embaixada elaborou um guia de neg\u00f3cios sobre Angola, dirigido a operadores econ\u00f3micos italianos interessados em entrar no mercado angolano. O guia pode ser descarregado gratuitamente aqui: <strong><a href=\"https:\/\/ambluanda.esteri.it\/wp-content\/uploads\/2025\/12\/Diplomazia-della-Crescita-Destinazione-Angola.pdf\"><em>Diplomacia do Crescimento \u2013 Destino Angola<\/em><\/a><\/strong>.<\/p>\n<p style=\"text-align: justify;\">Informa\u00e7\u00f5es mais detalhadas para as empresas est\u00e3o dispon\u00edveis no portal: <a href=\"http:\/\/www.infomercatiesteri.it\">http:\/\/www.infomercatiesteri.it<\/a><\/p>\n<p style=\"text-align: justify;\">As empresas italianas podem tamb\u00e9m contactar o gabinete comercial da Embaixada atrav\u00e9s do portal \u201c<a href=\"https:\/\/nexus.esteri.it\/\">NEXUS<\/a>\u201d, uma plataforma de gest\u00e3o de rela\u00e7\u00f5es com clientes criada pelo Minist\u00e9rio dos Neg\u00f3cios Estrangeiros e da Coopera\u00e7\u00e3o Internacional.<\/p>\n<p style=\"text-align: justify;\"><strong>INFOMERCATI ESTERI<\/strong><\/p>\n<p style=\"text-align: justify;\">O InfoMercatiEsteri \u00e9 uma plataforma inovadora e gratuita do Minist\u00e9rio dos Neg\u00f3cios Estrangeiros italiano (Farnesina), desenvolvida para responder \u00e0s necessidades de informa\u00e7\u00e3o dos operadores econ\u00f3micos sobre os mercados internacionais.<\/p>\n<p style=\"text-align: justify;\">Com base no trabalho cont\u00ednuo das Embaixadas e Consulados, em colabora\u00e7\u00e3o com a Ag\u00eancia ICE, o ENIT e as C\u00e2maras de Com\u00e9rcio italianas no estrangeiro, esta plataforma oferece informa\u00e7\u00e3o \u00fatil para apoiar as decis\u00f5es de internacionaliza\u00e7\u00e3o das empresas italianas.<\/p>\n<p style=\"text-align: justify;\">Atrav\u00e9s do acesso por pa\u00eds, \u00e9 poss\u00edvel consultar:<\/p>\n<ul style=\"text-align: justify;\">\n<li>a situa\u00e7\u00e3o econ\u00f3mica e pol\u00edtica;<\/li>\n<li>oportunidades de neg\u00f3cio e poss\u00edveis parcerias;<\/li>\n<li>iniciativas promocionais previstas;<\/li>\n<li>obst\u00e1culos ao com\u00e9rcio, riscos e dificuldades de investimento;<\/li>\n<li>acesso ao cr\u00e9dito;<\/li>\n<li>presen\u00e7a italiana e rela\u00e7\u00f5es bilaterais.<\/li>\n<\/ul>\n<p style=\"text-align: justify;\">Em alternativa, atrav\u00e9s do acesso por sector, \u00e9 poss\u00edvel obter informa\u00e7\u00e3o espec\u00edfica sobre um determinado sector e identificar os pa\u00edses mais relevantes, com base em crit\u00e9rios como com\u00e9rcio, investimento e caracter\u00edsticas do mercado.<\/p>\n<p style=\"text-align: justify;\">Mais informa\u00e7\u00f5es dispon\u00edveis em: <a href=\"http:\/\/www.infomercatiesteri.it\">http:\/\/www.infomercatiesteri.it<\/a><\/p>\n<p style=\"text-align: justify;\"><strong>ICE<\/strong><\/p>\n<p style=\"text-align: justify;\">A ICE \u2013 Ag\u00eancia para a promo\u00e7\u00e3o externa e internacionaliza\u00e7\u00e3o das empresas italianas \u00e9 o organismo que apoia o crescimento das empresas italianas nos mercados internacionais. Tem tamb\u00e9m como miss\u00e3o atrair investimento estrangeiro para It\u00e1lia.<\/p>\n<p style=\"text-align: justify;\">Com uma rede alargada de escrit\u00f3rios no exterior, a ICE presta servi\u00e7os de informa\u00e7\u00e3o, apoio, consultoria, promo\u00e7\u00e3o e forma\u00e7\u00e3o, especialmente dirigidos \u00e0s pequenas e m\u00e9dias empresas. Utiliza ferramentas modernas de comunica\u00e7\u00e3o para valorizar e promover o <em>Made in Italy<\/em> a n\u00edvel global.<\/p>\n<p style=\"text-align: justify;\">Mais informa\u00e7\u00f5es dispon\u00edveis em: <a href=\"https:\/\/www.ice.it\/it\/chi-siamo\">https:\/\/www.ice.it\/it\/chi-siamo<\/a><\/p>\n","protected":false},"excerpt":{"rendered":"A Embaixada elaborou um guia de neg\u00f3cios sobre Angola, dirigido a operadores econ\u00f3micos italianos interessados em entrar no mercado angolano. O guia pode ser descarregado gratuitamente aqui: Diplomacia do Crescimento \u2013 Destino Angola. Informa\u00e7\u00f5es mais detalhadas para as empresas est\u00e3o dispon\u00edveis no portal: http:\/\/www.infomercatiesteri.it As empresas italianas podem tamb\u00e9m contactar o gabinete comercial da Embaixada [&hellip;]","protected":false},"author":1,"featured_media":0,"parent":197,"menu_order":0,"comment_status":"closed","ping_status":"closed","template":"","meta":{"footnotes":""},"class_list":["post-214","page","type-page","status-publish","hentry"],"_links":{"self":[{"href":"https:\/\/ambluanda.esteri.it\/pt\/wp-json\/wp\/v2\/pages\/214","targetHints":{"allow":["GET"]}}],"collection":[{"href":"https:\/\/ambluanda.esteri.it\/pt\/wp-json\/wp\/v2\/pages"}],"about":[{"href":"https:\/\/ambluanda.esteri.it\/pt\/wp-json\/wp\/v2\/types\/page"}],"author":[{"embeddable":true,"href":"https:\/\/ambluanda.esteri.it\/pt\/wp-json\/wp\/v2\/users\/1"}],"replies":[{"embeddable":true,"href":"https:\/\/ambluanda.esteri.it\/pt\/wp-json\/wp\/v2\/comments?post=214"}],"version-history":[{"count":5,"href":"https:\/\/ambluanda.esteri.it\/pt\/wp-json\/wp\/v2\/pages\/214\/revisions"}],"predecessor-version":[{"id":3796,"href":"https:\/\/ambluanda.esteri.it\/pt\/wp-json\/wp\/v2\/pages\/214\/revisions\/3796"}],"up":[{"embeddable":true,"href":"https:\/\/ambluanda.esteri.it\/pt\/wp-json\/wp\/v2\/pages\/197"}],"wp:attachment":[{"href":"https:\/\/ambluanda.esteri.it\/pt\/wp-json\/wp\/v2\/media?parent=214"}],"curies":[{"name":"wp","href":"https:\/\/api.w.org\/{rel}","templated":true}]}}