{"id":216,"date":"2023-04-11T18:10:55","date_gmt":"2023-04-11T17:10:55","guid":{"rendered":"https:\/\/ambluanda.esteri.it\/italia-e-angola\/diplomazia-scientifica\/"},"modified":"2026-03-17T15:54:32","modified_gmt":"2026-03-17T14:54:32","slug":"diplomazia-scientifica","status":"publish","type":"page","link":"https:\/\/ambluanda.esteri.it\/pt\/italia-e-angola\/diplomazia-scientifica\/","title":{"rendered":"Diplomacia cient\u00edfica"},"content":{"rendered":"<p style=\"text-align: justify;\"><strong>\u00a0IT\u00c1LIA REFOR\u00c7A A COOPERA\u00c7\u00c3O CIENT\u00cdFICA, ACAD\u00c9MICA E ESPACIAL COM ANGOLA<\/strong><\/p>\n<p style=\"text-align: justify;\">A It\u00e1lia tem vindo a afirmar-se progressivamente como um parceiro internacional de refer\u00eancia nos dom\u00ednios da ci\u00eancia, do ensino superior e da tecnologia espacial, colocando ao servi\u00e7o da coopera\u00e7\u00e3o internacional o seu know-how, a excel\u00eancia acad\u00e9mica e a solidez das suas institui\u00e7\u00f5es.<\/p>\n<p style=\"text-align: justify;\"><strong>A lideran\u00e7a italiana na coopera\u00e7\u00e3o cient\u00edfica e acad\u00e9mica<\/strong><\/p>\n<p style=\"text-align: justify;\">No \u00e2mbito do seu forte empenho na diplomacia cient\u00edfica e cultural, a It\u00e1lia, atrav\u00e9s das suas universidades de excel\u00eancia, promove parcerias estrat\u00e9gicas com institui\u00e7\u00f5es acad\u00e9micas de pa\u00edses parceiros, entre os quais Angola.<\/p>\n<p style=\"text-align: justify;\">Neste contexto, durante a primeira visita de Estado de dois dias de Sua Excel\u00eancia o Presidente da Rep\u00fablica de Angola, <strong>Jo\u00e3o Louren\u00e7o<\/strong>, \u00e0 Rep\u00fablica Italiana, foram assinados em Roma importantes acordos acad\u00e9micos com a <strong>Universit\u00e0 degli Studi Roma Tre<\/strong>, na presen\u00e7a do Ministro das Rela\u00e7\u00f5es Exteriores de Angola, <strong>T\u00e9te Ant\u00f3nio<\/strong>.<\/p>\n<p style=\"text-align: justify;\">Entre os instrumentos assinados, destacam-se:<\/p>\n<ul style=\"text-align: justify;\">\n<li>Um acordo entre a <em>Universit\u00e0 degli Studi Roma Tre<\/em> e o <strong>INAGBE<\/strong>, com vista \u00e0 integra\u00e7\u00e3o de estudantes angolanos em percursos de forma\u00e7\u00e3o e investiga\u00e7\u00e3o num estabelecimento de ensino superior italiano reconhecido internacionalmente pela excel\u00eancia nas ci\u00eancias sociais, pol\u00edticas e diplom\u00e1ticas;<\/li>\n<li>Um acordo entre a <em>Universit\u00e0 degli Studi Roma Tre<\/em> e a <strong>Academia Diplom\u00e1tica Ven\u00e2ncio de Moura<\/strong>, destinado \u00e0 forma\u00e7\u00e3o avan\u00e7ada de quadros diplom\u00e1ticos.<\/li>\n<\/ul>\n<p style=\"text-align: justify;\">O Pr\u00f3-Reitor para as Rela\u00e7\u00f5es Internacionais da Universit\u00e0 Roma Tre, <strong>Raffaele Marchetti<\/strong>, sublinhou que estes acordos constituem a base para o desenvolvimento de uma coopera\u00e7\u00e3o estruturada com o Governo e as institui\u00e7\u00f5es acad\u00e9micas angolanas, salientando que a universidade j\u00e1 acolhe estudantes angolanos e pretende alargar significativamente essas oportunidades. Recordou ainda que a institui\u00e7\u00e3o \u00e9 bilingue e que a maioria dos cursos \u00e9 ministrada em l\u00edngua inglesa, posicionando-se entre as cinquenta melhores universidades do mundo nas \u00e1reas das ci\u00eancias pol\u00edticas e diplom\u00e1ticas.<\/p>\n<p style=\"text-align: justify;\"><strong>Coopera\u00e7\u00e3o universit\u00e1ria com a Universidade Agostinho Neto<\/strong><\/p>\n<p style=\"text-align: justify;\">Ainda no quadro da visita de Estado, foi assinada a parceria entre a <em>Universit\u00e0 degli Studi Roma Tre<\/em> e a <strong>Universidade Agostinho Neto<\/strong>, atrav\u00e9s de um Acordo de Coopera\u00e7\u00e3o Cient\u00edfica e Cultural.<\/p>\n<p style=\"text-align: justify;\">O acordo foi celebrado a 26 de Maio pelos Reitores <strong>Pedro Magalh\u00e3es<\/strong> e <strong>Massimiliano Fiorucci<\/strong>, prevendo:<\/p>\n<ul style=\"text-align: justify;\">\n<li>A mobilidade de investigadores e docentes no \u00e2mbito de programas de p\u00f3s-gradua\u00e7\u00e3o;<\/li>\n<li>A mobilidade de estudantes e de pessoal t\u00e9cnico-administrativo;<\/li>\n<li>O interc\u00e2mbio de material cient\u00edfico;<\/li>\n<li>Uma dura\u00e7\u00e3o de cinco anos.<\/li>\n<\/ul>\n<p style=\"text-align: justify;\">Este instrumento refor\u00e7a o papel da It\u00e1lia enquanto plataforma acad\u00e9mica de excel\u00eancia para a forma\u00e7\u00e3o de recursos humanos internacionais, promovendo a circula\u00e7\u00e3o do conhecimento e o di\u00e1logo cient\u00edfico.<\/p>\n<p style=\"text-align: justify;\"><strong>O compromisso italiano na coopera\u00e7\u00e3o espacial internacional<\/strong><\/p>\n<p style=\"text-align: justify;\">Paralelamente, a It\u00e1lia destaca-se como um dos principais actores da coopera\u00e7\u00e3o espacial internacional, atrav\u00e9s do Governo italiano e da <strong><em>Agenzia Spaziale Italiana<\/em><\/strong>, em estreita colabora\u00e7\u00e3o com o <strong>UNOOSA<\/strong>.<\/p>\n<p style=\"text-align: justify;\">A It\u00e1lia celebrou um Acordo-Quadro com o UNOOSA, bem como um Memorando de Entendimento com a <em>Agenzia Spaziale Italiana<\/em>, com o objectivo de refor\u00e7ar a coopera\u00e7\u00e3o na utiliza\u00e7\u00e3o pac\u00edfica do espa\u00e7o extra-atmosf\u00e9rico, nomeadamente nos seguintes dom\u00ednios:<\/p>\n<ul style=\"text-align: justify;\">\n<li>Observa\u00e7\u00e3o da Terra;<\/li>\n<li>Navega\u00e7\u00e3o e comunica\u00e7\u00f5es por sat\u00e9lite;<\/li>\n<li>Educa\u00e7\u00e3o e forma\u00e7\u00e3o espacial;<\/li>\n<li>Gest\u00e3o de cat\u00e1strofes naturais;<\/li>\n<li>Ci\u00eancia e explora\u00e7\u00e3o espacial.<\/li>\n<\/ul>\n<p style=\"text-align: justify;\">Estes instrumentos confirmam o papel de lideran\u00e7a da It\u00e1lia na promo\u00e7\u00e3o de um acesso respons\u00e1vel, inclusivo e sustent\u00e1vel \u00e0s tecnologias espaciais, colocando as suas compet\u00eancias ao servi\u00e7o da comunidade internacional.<\/p>\n<p style=\"text-align: justify;\"><strong>Angola como parceiro estrat\u00e9gico<\/strong><\/p>\n<p style=\"text-align: justify;\">Neste contexto de lideran\u00e7a italiana, Angola afirma-se como um parceiro estrat\u00e9gico da It\u00e1lia em \u00c1frica, beneficiando de uma coopera\u00e7\u00e3o em crescimento cont\u00ednuo nos dom\u00ednios acad\u00e9mico, cient\u00edfico e institucional.<\/p>\n<p style=\"text-align: justify;\">Actualmente, It\u00e1lia e Angola cooperam igualmente em sectores-chave como a energia, a agricultura, a defesa e os transportes, criando bases s\u00f3lidas para o alargamento da coopera\u00e7\u00e3o a novas \u00e1reas, incluindo a ci\u00eancia, a inova\u00e7\u00e3o e, de forma progressiva, o sector espacial.<\/p>\n<p style=\"text-align: justify;\"><strong>Conclus\u00e3o<\/strong><\/p>\n<p style=\"text-align: justify;\">A actua\u00e7\u00e3o da It\u00e1lia evidencia uma clara vontade pol\u00edtica e institucional de aprofundar a coopera\u00e7\u00e3o com Angola, assente na partilha do conhecimento, na forma\u00e7\u00e3o de quadros qualificados e na promo\u00e7\u00e3o do desenvolvimento sustent\u00e1vel.<\/p>\n<p style=\"text-align: justify;\">Os acordos celebrados confirmam o papel central da It\u00e1lia enquanto parceiro de excel\u00eancia, abrindo perspectivas concretas para uma coopera\u00e7\u00e3o cada vez mais ambiciosa, estruturada e orientada para o futuro entre os dois Pa\u00edses.<\/p>\n","protected":false},"excerpt":{"rendered":"\u00a0IT\u00c1LIA REFOR\u00c7A A COOPERA\u00c7\u00c3O CIENT\u00cdFICA, ACAD\u00c9MICA E ESPACIAL COM ANGOLA A It\u00e1lia tem vindo a afirmar-se progressivamente como um parceiro internacional de refer\u00eancia nos dom\u00ednios da ci\u00eancia, do ensino superior e da tecnologia espacial, colocando ao servi\u00e7o da coopera\u00e7\u00e3o internacional o seu know-how, a excel\u00eancia acad\u00e9mica e a solidez das suas institui\u00e7\u00f5es. A lideran\u00e7a italiana [&hellip;]","protected":false},"author":1,"featured_media":0,"parent":197,"menu_order":4,"comment_status":"closed","ping_status":"closed","template":"","meta":{"footnotes":""},"class_list":["post-216","page","type-page","status-publish","hentry"],"_links":{"self":[{"href":"https:\/\/ambluanda.esteri.it\/pt\/wp-json\/wp\/v2\/pages\/216","targetHints":{"allow":["GET"]}}],"collection":[{"href":"https:\/\/ambluanda.esteri.it\/pt\/wp-json\/wp\/v2\/pages"}],"about":[{"href":"https:\/\/ambluanda.esteri.it\/pt\/wp-json\/wp\/v2\/types\/page"}],"author":[{"embeddable":true,"href":"https:\/\/ambluanda.esteri.it\/pt\/wp-json\/wp\/v2\/users\/1"}],"replies":[{"embeddable":true,"href":"https:\/\/ambluanda.esteri.it\/pt\/wp-json\/wp\/v2\/comments?post=216"}],"version-history":[{"count":4,"href":"https:\/\/ambluanda.esteri.it\/pt\/wp-json\/wp\/v2\/pages\/216\/revisions"}],"predecessor-version":[{"id":3776,"href":"https:\/\/ambluanda.esteri.it\/pt\/wp-json\/wp\/v2\/pages\/216\/revisions\/3776"}],"up":[{"embeddable":true,"href":"https:\/\/ambluanda.esteri.it\/pt\/wp-json\/wp\/v2\/pages\/197"}],"wp:attachment":[{"href":"https:\/\/ambluanda.esteri.it\/pt\/wp-json\/wp\/v2\/media?parent=216"}],"curies":[{"name":"wp","href":"https:\/\/api.w.org\/{rel}","templated":true}]}}