{"id":217,"date":"2023-04-11T18:11:52","date_gmt":"2023-04-11T17:11:52","guid":{"rendered":"https:\/\/ambluanda.esteri.it\/italia-e-angola\/cooperazione-allo-sviluppo\/"},"modified":"2026-03-16T12:18:26","modified_gmt":"2026-03-16T11:18:26","slug":"cooperazione-allo-sviluppo","status":"publish","type":"page","link":"https:\/\/ambluanda.esteri.it\/pt\/italia-e-angola\/cooperazione-allo-sviluppo\/","title":{"rendered":"Coopera\u00e7\u00e3o para o desenvolvimento"},"content":{"rendered":"<p style=\"text-align: justify;\">A coopera\u00e7\u00e3o entre a It\u00e1lia e Angola representa um elemento estrat\u00e9gico das rela\u00e7\u00f5es bilaterais, assente numa vis\u00e3o partilhada de desenvolvimento sustent\u00e1vel, solidariedade internacional e fortalecimento institucional. A parceria reflecte o compromisso de ambos os pa\u00edses em promover pol\u00edticas e ac\u00e7\u00f5es voltadas para a inclus\u00e3o social, o crescimento econ\u00f3mico equilibrado e o refor\u00e7o das capacidades locais, contribuindo para um desenvolvimento duradouro e para o bem-estar das popula\u00e7\u00f5es.<\/p>\n<p style=\"text-align: justify;\">A coopera\u00e7\u00e3o italiana em Angola abrange diversos sectores estrat\u00e9gicos, nomeadamente a educa\u00e7\u00e3o, a sa\u00fade, a forma\u00e7\u00e3o profissional e o desenvolvimento comunit\u00e1rio. Por meio do apoio a iniciativas nestas \u00e1reas, a It\u00e1lia contribui para o refor\u00e7o das compet\u00eancias locais, a melhoria do acesso a servi\u00e7os essenciais e a cria\u00e7\u00e3o de oportunidades para jovens e adultos, promovendo uma sociedade mais inclusiva e resiliente.<\/p>\n<p style=\"text-align: justify;\">Exemplos concretos desta colabora\u00e7\u00e3o incluem a actua\u00e7\u00e3o de institui\u00e7\u00f5es italianas com longa presen\u00e7a no pa\u00eds, como os Salesianos de Don Bosco e a CUAM, bem como a participa\u00e7\u00e3o mais recente de empresas como a ENI- Natural Energie, envolvidas em projectos de desenvolvimento sustent\u00e1vel, incluindo a produ\u00e7\u00e3o de fogareiros e outras solu\u00e7\u00f5es energ\u00e9ticas. Paralelamente, diversas organiza\u00e7\u00f5es italianas dedicadas \u00e0 ac\u00e7\u00e3o social e \u00e0 forma\u00e7\u00e3o profissional desempenham um papel fundamental na capacita\u00e7\u00e3o de recursos humanos e na implementa\u00e7\u00e3o de projectos de inclus\u00e3o social.<\/p>\n","protected":false},"excerpt":{"rendered":"A coopera\u00e7\u00e3o entre a It\u00e1lia e Angola representa um elemento estrat\u00e9gico das rela\u00e7\u00f5es bilaterais, assente numa vis\u00e3o partilhada de desenvolvimento sustent\u00e1vel, solidariedade internacional e fortalecimento institucional. A parceria reflecte o compromisso de ambos os pa\u00edses em promover pol\u00edticas e ac\u00e7\u00f5es voltadas para a inclus\u00e3o social, o crescimento econ\u00f3mico equilibrado e o refor\u00e7o das capacidades locais, [&hellip;]","protected":false},"author":1,"featured_media":0,"parent":197,"menu_order":6,"comment_status":"closed","ping_status":"closed","template":"","meta":{"footnotes":""},"class_list":["post-217","page","type-page","status-publish","hentry"],"_links":{"self":[{"href":"https:\/\/ambluanda.esteri.it\/pt\/wp-json\/wp\/v2\/pages\/217","targetHints":{"allow":["GET"]}}],"collection":[{"href":"https:\/\/ambluanda.esteri.it\/pt\/wp-json\/wp\/v2\/pages"}],"about":[{"href":"https:\/\/ambluanda.esteri.it\/pt\/wp-json\/wp\/v2\/types\/page"}],"author":[{"embeddable":true,"href":"https:\/\/ambluanda.esteri.it\/pt\/wp-json\/wp\/v2\/users\/1"}],"replies":[{"embeddable":true,"href":"https:\/\/ambluanda.esteri.it\/pt\/wp-json\/wp\/v2\/comments?post=217"}],"version-history":[{"count":5,"href":"https:\/\/ambluanda.esteri.it\/pt\/wp-json\/wp\/v2\/pages\/217\/revisions"}],"predecessor-version":[{"id":3773,"href":"https:\/\/ambluanda.esteri.it\/pt\/wp-json\/wp\/v2\/pages\/217\/revisions\/3773"}],"up":[{"embeddable":true,"href":"https:\/\/ambluanda.esteri.it\/pt\/wp-json\/wp\/v2\/pages\/197"}],"wp:attachment":[{"href":"https:\/\/ambluanda.esteri.it\/pt\/wp-json\/wp\/v2\/media?parent=217"}],"curies":[{"name":"wp","href":"https:\/\/api.w.org\/{rel}","templated":true}]}}