{"id":230,"date":"2023-04-11T18:10:45","date_gmt":"2023-04-11T17:10:45","guid":{"rendered":"https:\/\/ambluanda.esteri.it\/italia-e-angola\/diplomazia-culturale\/"},"modified":"2026-03-17T16:38:20","modified_gmt":"2026-03-17T15:38:20","slug":"diplomazia-culturale","status":"publish","type":"page","link":"https:\/\/ambluanda.esteri.it\/pt\/italia-e-angola\/diplomazia-culturale\/","title":{"rendered":"Diplomacia cultural"},"content":{"rendered":"<p style=\"text-align: justify;\">A coopera\u00e7\u00e3o cultural constitui um dos pilares fundamentais das rela\u00e7\u00f5es entre It\u00e1lia e Angola, alicer\u00e7adas em la\u00e7os hist\u00f3ricos profundos, consolidados ao longo de mais de quatro s\u00e9culos. J\u00e1 em per\u00edodo pr\u00e9-colonial, durante a domina\u00e7\u00e3o portuguesa, o Pr\u00edncipe Ant\u00f3nio Manuel Ne Vunda foi enviado como Embaixador do antigo Reino do Congo \u00e0 corte do Papa Paulo V. Tendo falecido em Roma e encontra-se sepultado na Bas\u00edlica de <em>Santa Maria Maggiore<\/em>, sendo o \u00fanico africano a receber tal honra, facto que testemunha a precocidade e a relev\u00e2ncia do di\u00e1logo intercultural entre as duas realidades.<\/p>\n<p style=\"text-align: justify;\">Ao longo dos s\u00e9culos, a It\u00e1lia afirmou-se como interlocutor atento \u00e0s aspira\u00e7\u00f5es das popula\u00e7\u00f5es locais angolanas. Disso s\u00e3o exemplo, no s\u00e9culo XVII, os frades capuchinhos Antonio da Gaeta e Giovanni Cavazzi da Montecuccolo, que estiveram entre os mais pr\u00f3ximos conselheiros da Rainha Njinga Mbandi. Em particular, a obra liter\u00e1ria e iconogr\u00e1fica de Giovanni Cavazzi constitui um documento etnogr\u00e1fico de valor excepcional sobre a Angola da \u00e9poca, representando igualmente um testemunho singular dos v\u00ednculos hist\u00f3ricos e culturais entre os dois Pa\u00edses.<\/p>\n<p style=\"text-align: justify;\">Esta rela\u00e7\u00e3o privilegiada refor\u00e7ou-se igualmente na \u00e9poca contempor\u00e2nea. A It\u00e1lia foi o primeiro Pa\u00eds da Europa Ocidental a reconhecer Angola como Estado soberano, em Fevereiro de 1976, mantendo, ao longo do tempo, rela\u00e7\u00f5es de amizade, di\u00e1logo e coopera\u00e7\u00e3o a todos os n\u00edveis, inclusive nos anos complexos da luta de liberta\u00e7\u00e3o nacional que conduziu \u00e0 Independ\u00eancia, cujo quinquag\u00e9simo anivers\u00e1rio se assinalou em 2025.<\/p>\n<p style=\"text-align: justify;\">As dimens\u00f5es pol\u00edtica, social e cultural das rela\u00e7\u00f5es bilaterais apresentam-se frequentemente interligadas. A t\u00edtulo emblem\u00e1tico, destaca-se a publica\u00e7\u00e3o, em Mil\u00e3o, pela editora <em>Il Saggiatore<\/em>, da primeira edi\u00e7\u00e3o das poesias de Agostinho Neto, Pai da Angola independente e figura maior da cultura angolana contempor\u00e2nea.<\/p>\n<p style=\"text-align: justify;\">Com o objectivo de consolidar e promover a colabora\u00e7\u00e3o nos dom\u00ednios da cultura, da educa\u00e7\u00e3o, do desporto, da forma\u00e7\u00e3o, da l\u00edngua e da investiga\u00e7\u00e3o cient\u00edfica, foi assinado em Luanda, em 2002, o Acordo de Coopera\u00e7\u00e3o Cultural entre o Governo da Rep\u00fablica Italiana e o Governo da Rep\u00fablica de Angola. Presentemente, esta coopera\u00e7\u00e3o conhece uma fase de renovado dinamismo. Particular relevo assume a participa\u00e7\u00e3o de Angola, pela primeira vez com Pavilh\u00e3o nacional pr\u00f3prio, na Exposi\u00e7\u00e3o Internacional da Triennale di Milano (13 de Maio \u2013 9 de Novembro de 2025), dedicada ao tema das desigualdades multidimensionais que marcam as cidades e o mundo contempor\u00e2neo, nas suas vertentes econ\u00f3mica, social, \u00e9tnica, geogr\u00e1fica e de g\u00e9nero.<\/p>\n<p style=\"text-align: justify;\">Atrav\u00e9s de iniciativas conjuntas, interc\u00e2mbios art\u00edsticos e acad\u00e9micos e de uma promo\u00e7\u00e3o constante do di\u00e1logo intercultural, It\u00e1lia e Angola continuam a aprofundar uma coopera\u00e7\u00e3o cultural assente numa longa hist\u00f3ria partilhada e orientada para o desenvolvimento de rela\u00e7\u00f5es cada vez mais estreitas e prof\u00edcuas.<\/p>\n","protected":false},"excerpt":{"rendered":"A coopera\u00e7\u00e3o cultural constitui um dos pilares fundamentais das rela\u00e7\u00f5es entre It\u00e1lia e Angola, alicer\u00e7adas em la\u00e7os hist\u00f3ricos profundos, consolidados ao longo de mais de quatro s\u00e9culos. J\u00e1 em per\u00edodo pr\u00e9-colonial, durante a domina\u00e7\u00e3o portuguesa, o Pr\u00edncipe Ant\u00f3nio Manuel Ne Vunda foi enviado como Embaixador do antigo Reino do Congo \u00e0 corte do Papa Paulo [&hellip;]","protected":false},"author":1,"featured_media":0,"parent":197,"menu_order":2,"comment_status":"closed","ping_status":"closed","template":"","meta":{"footnotes":""},"class_list":["post-230","page","type-page","status-publish","hentry"],"_links":{"self":[{"href":"https:\/\/ambluanda.esteri.it\/pt\/wp-json\/wp\/v2\/pages\/230","targetHints":{"allow":["GET"]}}],"collection":[{"href":"https:\/\/ambluanda.esteri.it\/pt\/wp-json\/wp\/v2\/pages"}],"about":[{"href":"https:\/\/ambluanda.esteri.it\/pt\/wp-json\/wp\/v2\/types\/page"}],"author":[{"embeddable":true,"href":"https:\/\/ambluanda.esteri.it\/pt\/wp-json\/wp\/v2\/users\/1"}],"replies":[{"embeddable":true,"href":"https:\/\/ambluanda.esteri.it\/pt\/wp-json\/wp\/v2\/comments?post=230"}],"version-history":[{"count":4,"href":"https:\/\/ambluanda.esteri.it\/pt\/wp-json\/wp\/v2\/pages\/230\/revisions"}],"predecessor-version":[{"id":3781,"href":"https:\/\/ambluanda.esteri.it\/pt\/wp-json\/wp\/v2\/pages\/230\/revisions\/3781"}],"up":[{"embeddable":true,"href":"https:\/\/ambluanda.esteri.it\/pt\/wp-json\/wp\/v2\/pages\/197"}],"wp:attachment":[{"href":"https:\/\/ambluanda.esteri.it\/pt\/wp-json\/wp\/v2\/media?parent=230"}],"curies":[{"name":"wp","href":"https:\/\/api.w.org\/{rel}","templated":true}]}}