{"id":233,"date":"2023-04-11T18:24:38","date_gmt":"2023-04-11T17:24:38","guid":{"rendered":"https:\/\/ambluanda.esteri.it\/italia-e-angola\/diplomazia-culturale\/studiare-in-italia\/"},"modified":"2026-03-17T16:45:38","modified_gmt":"2026-03-17T15:45:38","slug":"studiare-in-italia","status":"publish","type":"page","link":"https:\/\/ambluanda.esteri.it\/pt\/italia-e-angola\/diplomazia-culturale\/studiare-in-italia\/","title":{"rendered":"Estude na It\u00e1lia"},"content":{"rendered":"<p style=\"text-align: justify;\">O Minist\u00e9rio dos Neg\u00f3cios Estrangeiros e da Coopera\u00e7\u00e3o Internacional (<a href=\"https:\/\/www.esteri.it\/it\/opportunita\/borse-di-studio\/per-cittadini-stranieri\/borsestudio_stranieri\/\">Ministero degli Affari Esteri e della Cooperazione Internazionale \u2013 MAECI<\/a>) disponibiliza bolsas de estudo destinadas a estudantes angolanos, com o prop\u00f3sito de promover a coopera\u00e7\u00e3o nos dom\u00ednios cultural, cient\u00edfico e tecnol\u00f3gico, refor\u00e7ar a projec\u00e7\u00e3o do sistema econ\u00f3mico italiano no mundo e divulgar a l\u00edngua e a cultura italiana.<\/p>\n<p style=\"text-align: justify;\">As bolsas destinam-se \u00e0 frequ\u00eancia de programas de estudo, forma\u00e7\u00e3o e\/ou investiga\u00e7\u00e3o junto de Institui\u00e7\u00f5es italianas, p\u00fablicas ou legalmente reconhecidas. Informa\u00e7\u00f5es mais detalhadas podem ser consultadas nos editais, em italiano e ingl\u00eas, dispon\u00edveis no portal <a href=\"https:\/\/studyinitaly.esteri.it\/it\/call-for-procedure\"><em>Study in Italy<\/em><\/a> ou no s\u00edtio oficial do Minist\u00e9rio (<a href=\"https:\/\/www.esteri.it\/it\/opportunita\/borse-di-studio\/per-cittadini-stranieri\/borsestudio_stranieri\/\">www.esteri.it<\/a>).<\/p>\n<p style=\"text-align: justify;\">Os estudantes interessados dever\u00e3o, ap\u00f3s registo pr\u00e9vio, submeter a sua candidatura exclusivamente atrav\u00e9s do portal <a href=\"https:\/\/studyinitaly.esteri.it\/it\/call-for-procedure\"><em>Study in Italy<\/em><\/a>, seguindo as instru\u00e7\u00f5es e consultando, se necess\u00e1rio, as perguntas frequentes ali disponibilizadas.<\/p>\n<p style=\"text-align: justify;\"><strong>A Universidade em It\u00e1lia<\/strong><\/p>\n<p style=\"text-align: justify;\">Informa\u00e7\u00f5es de car\u00e1cter geral sobre a organiza\u00e7\u00e3o e o funcionamento das Universidades italianas encontram-se dispon\u00edveis no s\u00edtio do <a href=\"https:\/\/www.mur.gov.it\/it\"><em>Minist\u00e9rio da Universidade e Investiga\u00e7\u00e3o<\/em><\/a>.<\/p>\n<p style=\"text-align: justify;\">Para apoiar os estudantes internacionais na escolha do seu percurso acad\u00e9mico em It\u00e1lia, o portal <a href=\"https:\/\/www.universitaly.it\/\"><em>Universitaly<\/em><\/a> permite consultar cursos leccionados em l\u00edngua inglesa nas diversas Universidades italianas.<\/p>\n<p style=\"text-align: justify;\">Adicionalmente, as listas, tamb\u00e9m dispon\u00edveis em ingl\u00eas, das diferentes tipologias de cursos oferecidos pelas Universidades podem ser consultadas no s\u00edtio da <a href=\"https:\/\/www.crui.it\/\">CRUI<\/a>.<\/p>\n","protected":false},"excerpt":{"rendered":"O Minist\u00e9rio dos Neg\u00f3cios Estrangeiros e da Coopera\u00e7\u00e3o Internacional (Ministero degli Affari Esteri e della Cooperazione Internazionale \u2013 MAECI) disponibiliza bolsas de estudo destinadas a estudantes angolanos, com o prop\u00f3sito de promover a coopera\u00e7\u00e3o nos dom\u00ednios cultural, cient\u00edfico e tecnol\u00f3gico, refor\u00e7ar a projec\u00e7\u00e3o do sistema econ\u00f3mico italiano no mundo e divulgar a l\u00edngua e a [&hellip;]","protected":false},"author":1,"featured_media":0,"parent":230,"menu_order":0,"comment_status":"closed","ping_status":"closed","template":"","meta":{"footnotes":""},"class_list":["post-233","page","type-page","status-publish","hentry"],"_links":{"self":[{"href":"https:\/\/ambluanda.esteri.it\/pt\/wp-json\/wp\/v2\/pages\/233","targetHints":{"allow":["GET"]}}],"collection":[{"href":"https:\/\/ambluanda.esteri.it\/pt\/wp-json\/wp\/v2\/pages"}],"about":[{"href":"https:\/\/ambluanda.esteri.it\/pt\/wp-json\/wp\/v2\/types\/page"}],"author":[{"embeddable":true,"href":"https:\/\/ambluanda.esteri.it\/pt\/wp-json\/wp\/v2\/users\/1"}],"replies":[{"embeddable":true,"href":"https:\/\/ambluanda.esteri.it\/pt\/wp-json\/wp\/v2\/comments?post=233"}],"version-history":[{"count":5,"href":"https:\/\/ambluanda.esteri.it\/pt\/wp-json\/wp\/v2\/pages\/233\/revisions"}],"predecessor-version":[{"id":3785,"href":"https:\/\/ambluanda.esteri.it\/pt\/wp-json\/wp\/v2\/pages\/233\/revisions\/3785"}],"up":[{"embeddable":true,"href":"https:\/\/ambluanda.esteri.it\/pt\/wp-json\/wp\/v2\/pages\/230"}],"wp:attachment":[{"href":"https:\/\/ambluanda.esteri.it\/pt\/wp-json\/wp\/v2\/media?parent=233"}],"curies":[{"name":"wp","href":"https:\/\/api.w.org\/{rel}","templated":true}]}}