{"id":244,"date":"2023-04-11T18:17:44","date_gmt":"2023-04-11T17:17:44","guid":{"rendered":"https:\/\/ambluanda.esteri.it\/servizi-consolari-e-visti\/servizi-per-il-cittadino-italiano\/emergency-travel-documents-etd\/"},"modified":"2026-03-19T11:33:57","modified_gmt":"2026-03-19T10:33:57","slug":"emergency-travel-documents-etd","status":"publish","type":"page","link":"https:\/\/ambluanda.esteri.it\/pt\/servizi-consolari-e-visti\/servizi-per-il-cittadino-italiano\/emergency-travel-documents-etd\/","title":{"rendered":"Documentos de Viagem de Emerg\u00eancia (ETD)"},"content":{"rendered":"<p style=\"text-align: justify;\">Se se encontrar no estrangeiro numa situa\u00e7\u00e3o de emerg\u00eancia \u2014 por exemplo, se estiver em tr\u00e2nsito como turista e precisar de regressar ao pa\u00eds ap\u00f3s ter perdido ou ter sido v\u00edtima de furto do passaporte \u2014 e n\u00e3o tiver tempo ou possibilidade de pedir um novo passaporte, as Embaixadas e Consulados italianos, na Europa e fora dela, podem emitir um documento provis\u00f3rio de viagem, o <strong>ETD<\/strong> (<em>Emergency Travel Document<\/em>).<\/p>\n<p style=\"text-align: justify;\">Este documento permite apenas uma viagem de regresso a It\u00e1lia, ao pa\u00eds de resid\u00eancia permanente ou, em casos excecionais, a outro destino.<\/p>\n<p style=\"text-align: justify;\">Para a emiss\u00e3o do ETD \u00e9 necess\u00e1rio apresentar:<\/p>\n<ul style=\"text-align: justify;\">\n<li>den\u00fancia de perda ou furto do documento junto das autoridades locais;<\/li>\n<li>se poss\u00edvel, c\u00f3pia de um documento de identifica\u00e7\u00e3o;<\/li>\n<li>duas fotografias recentes tipo passe, em conformidade com as normas internacionais <a href=\"https:\/\/www.poliziadistato.it\/statics\/10\/fotografia_passaporto_web.pdf\">ICAO<\/a>;<\/li>\n<li>t\u00edtulo de transporte;<\/li>\n<li>pagamento da taxa consular aplic\u00e1vel, verificar <a href=\"https:\/\/ambluanda.esteri.it\/wp-content\/uploads\/2023\/10\/TABELLA-DELLE-PERCEZIONI-CONSOLARI-in-vigore-dal-01.10.2023-al-31.12.2023.pdf\">tabela de taxas e emolumentos<\/a>.<\/li>\n<\/ul>\n<p style=\"text-align: justify;\">No caso de menores, \u00e9 obrigat\u00f3rio que ambos os pais ou representantes legais compare\u00e7am no Consulado, acompanhando o menor.<\/p>\n<p style=\"text-align: justify;\">Para obter o documento, \u00e9 necess\u00e1rio marcar previamente uma entrevista com o Servi\u00e7o Consular atrav\u00e9s do e-mail: <a href=\"consolare.luanda@esteri.it\">consolare.luanda@esteri.it<\/a><\/p>\n<p style=\"text-align: justify;\"><strong>Formul\u00e1rios:<\/strong><\/p>\n<ul>\n<li style=\"text-align: justify;\"><a href=\"https:\/\/ambluanda.esteri.it\/wp-content\/uploads\/2023\/10\/all_01_-_modulo_di_domanda_di_etd_a_favore_di_maggiorenne250518-2.doc\">Pedido de emiss\u00e3o do documento de viagem provis\u00f3rio (ETD)<\/a><\/li>\n<li style=\"text-align: justify;\"><a href=\"https:\/\/ambluanda.esteri.it\/wp-content\/uploads\/2023\/10\/dichiarazione_accompagnamento050216-1.doc\">Declara\u00e7\u00e3o de autoriza\u00e7\u00e3o de acompanhamento para menores de 14 anos<\/a><\/li>\n<\/ul>\n","protected":false},"excerpt":{"rendered":"Se se encontrar no estrangeiro numa situa\u00e7\u00e3o de emerg\u00eancia \u2014 por exemplo, se estiver em tr\u00e2nsito como turista e precisar de regressar ao pa\u00eds ap\u00f3s ter perdido ou ter sido v\u00edtima de furto do passaporte \u2014 e n\u00e3o tiver tempo ou possibilidade de pedir um novo passaporte, as Embaixadas e Consulados italianos, na Europa e [&hellip;]","protected":false},"author":1,"featured_media":0,"parent":218,"menu_order":1,"comment_status":"closed","ping_status":"closed","template":"","meta":{"footnotes":""},"class_list":["post-244","page","type-page","status-publish","hentry"],"_links":{"self":[{"href":"https:\/\/ambluanda.esteri.it\/pt\/wp-json\/wp\/v2\/pages\/244","targetHints":{"allow":["GET"]}}],"collection":[{"href":"https:\/\/ambluanda.esteri.it\/pt\/wp-json\/wp\/v2\/pages"}],"about":[{"href":"https:\/\/ambluanda.esteri.it\/pt\/wp-json\/wp\/v2\/types\/page"}],"author":[{"embeddable":true,"href":"https:\/\/ambluanda.esteri.it\/pt\/wp-json\/wp\/v2\/users\/1"}],"replies":[{"embeddable":true,"href":"https:\/\/ambluanda.esteri.it\/pt\/wp-json\/wp\/v2\/comments?post=244"}],"version-history":[{"count":2,"href":"https:\/\/ambluanda.esteri.it\/pt\/wp-json\/wp\/v2\/pages\/244\/revisions"}],"predecessor-version":[{"id":3799,"href":"https:\/\/ambluanda.esteri.it\/pt\/wp-json\/wp\/v2\/pages\/244\/revisions\/3799"}],"up":[{"embeddable":true,"href":"https:\/\/ambluanda.esteri.it\/pt\/wp-json\/wp\/v2\/pages\/218"}],"wp:attachment":[{"href":"https:\/\/ambluanda.esteri.it\/pt\/wp-json\/wp\/v2\/media?parent=244"}],"curies":[{"name":"wp","href":"https:\/\/api.w.org\/{rel}","templated":true}]}}