{"id":259,"date":"2023-04-11T18:20:09","date_gmt":"2023-04-11T17:20:09","guid":{"rendered":"https:\/\/ambluanda.esteri.it\/servizi-consolari-e-visti\/servizi-per-il-cittadino-italiano\/autoveicoli-e-patenti-di-guida\/"},"modified":"2025-02-05T13:17:12","modified_gmt":"2025-02-05T12:17:12","slug":"autoveicoli-e-patenti-di-guida","status":"publish","type":"page","link":"https:\/\/ambluanda.esteri.it\/pt\/servizi-consolari-e-visti\/servizi-per-il-cittadino-italiano\/autoveicoli-e-patenti-di-guida\/","title":{"rendered":"Ve\u00edculos e cartas de condu\u00e7\u00e3o"},"content":{"rendered":"<p style=\"text-align: justify;\">Os titulares de carta de condu\u00e7\u00e3o italiana que residam ou permane\u00e7am por um per\u00edodo de pelo menos 6 meses em Pa\u00edses extra UE podem obter junto das competentes Autoridades diplom\u00e1tico-consulares italianas a confirma\u00e7\u00e3o da validade da sua carta de condu\u00e7\u00e3o italiana, vencida h\u00e1 n\u00e3o mais de cinco anos e que n\u00e3o se enquadra nos casos previstos no art. 119, n\u00fameros 2-bis e 4 do C\u00f3digo da Estrada (cartas de condutores diab\u00e9ticos ou cuja aptid\u00e3o psicof\u00edsica deve ser certificada por espec\u00edficas comiss\u00f5es m\u00e9dicas). Os interessados dever\u00e3o realizar o exame m\u00e9dico exigido para avaliar os requisitos f\u00edsicos e mentais, ap\u00f3s o qual a Representa\u00e7\u00e3o diplom\u00e1tico-consular emitir\u00e1 um espec\u00edfico certificado de renova\u00e7\u00e3o.<\/p>\n<p>A renova\u00e7\u00e3o realizada junto de uma Representa\u00e7\u00e3o diplom\u00e1tica ou consular \u00e9 v\u00e1lida para circular tanto em It\u00e1lia como no exterior.<\/p>\n<p>Ap\u00f3s recuperar a resid\u00eancia ou perman\u00eancia em It\u00e1lia, a carta de condu\u00e7\u00e3o dever\u00e1 ser confirmada pelo competente servi\u00e7o central do Departamento dos transportes, da navega\u00e7\u00e3o e pelos sistemas de informa\u00e7\u00e3o e estat\u00edstica.<\/p>\n","protected":false},"excerpt":{"rendered":"Os titulares de carta de condu\u00e7\u00e3o italiana que residam ou permane\u00e7am por um per\u00edodo de pelo menos 6 meses em Pa\u00edses extra UE podem obter junto das competentes Autoridades diplom\u00e1tico-consulares italianas a confirma\u00e7\u00e3o da validade da sua carta de condu\u00e7\u00e3o italiana, vencida h\u00e1 n\u00e3o mais de cinco anos e que n\u00e3o se enquadra nos casos [&hellip;]","protected":false},"author":1,"featured_media":0,"parent":218,"menu_order":16,"comment_status":"closed","ping_status":"closed","template":"","meta":{"footnotes":""},"class_list":["post-259","page","type-page","status-publish","hentry"],"_links":{"self":[{"href":"https:\/\/ambluanda.esteri.it\/pt\/wp-json\/wp\/v2\/pages\/259","targetHints":{"allow":["GET"]}}],"collection":[{"href":"https:\/\/ambluanda.esteri.it\/pt\/wp-json\/wp\/v2\/pages"}],"about":[{"href":"https:\/\/ambluanda.esteri.it\/pt\/wp-json\/wp\/v2\/types\/page"}],"author":[{"embeddable":true,"href":"https:\/\/ambluanda.esteri.it\/pt\/wp-json\/wp\/v2\/users\/1"}],"replies":[{"embeddable":true,"href":"https:\/\/ambluanda.esteri.it\/pt\/wp-json\/wp\/v2\/comments?post=259"}],"version-history":[{"count":4,"href":"https:\/\/ambluanda.esteri.it\/pt\/wp-json\/wp\/v2\/pages\/259\/revisions"}],"predecessor-version":[{"id":2434,"href":"https:\/\/ambluanda.esteri.it\/pt\/wp-json\/wp\/v2\/pages\/259\/revisions\/2434"}],"up":[{"embeddable":true,"href":"https:\/\/ambluanda.esteri.it\/pt\/wp-json\/wp\/v2\/pages\/218"}],"wp:attachment":[{"href":"https:\/\/ambluanda.esteri.it\/pt\/wp-json\/wp\/v2\/media?parent=259"}],"curies":[{"name":"wp","href":"https:\/\/api.w.org\/{rel}","templated":true}]}}