{"id":2624,"date":"2025-04-03T13:05:30","date_gmt":"2025-04-03T12:05:30","guid":{"rendered":"https:\/\/ambluanda.esteri.it\/servizi-consolari-e-visti\/servizi-per-il-cittadino-italiano\/servizi-elettorali\/referendum-abrogativi-2025\/"},"modified":"2025-05-27T19:10:27","modified_gmt":"2025-05-27T18:10:27","slug":"referendum-abrogativi-2025","status":"publish","type":"page","link":"https:\/\/ambluanda.esteri.it\/pt\/servizi-consolari-e-visti\/servizi-per-il-cittadino-italiano\/servizi-elettorali\/referendum-abrogativi-2025\/","title":{"rendered":"REFERENDOS REVOGATIVOS 2025"},"content":{"rendered":"<p><img loading=\"lazy\" decoding=\"async\" class=\"alignnone size-medium wp-image-2602 img-fluid\" src=\"https:\/\/ambluanda.esteri.it\/wp-content\/uploads\/2025\/04\/1-300x169.jpg\" alt=\"\" width=\"300\" height=\"169\" srcset=\"https:\/\/ambluanda.esteri.it\/wp-content\/uploads\/2025\/04\/1-300x169.jpg 300w, https:\/\/ambluanda.esteri.it\/wp-content\/uploads\/2025\/04\/1-1024x576.jpg 1024w, https:\/\/ambluanda.esteri.it\/wp-content\/uploads\/2025\/04\/1-768x432.jpg 768w, https:\/\/ambluanda.esteri.it\/wp-content\/uploads\/2025\/04\/1.jpg 1600w\" sizes=\"auto, (max-width: 300px) 100vw, 300px\" \/><\/p>\n<p><strong>Todas as informa\u00e7\u00f5es, comunicados, formul\u00e1rios e o calend\u00e1rio ser\u00e3o publicados nesta sec\u00e7\u00e3o.\u00a0<\/strong><\/p>\n<p>Por favor enviar os pedidos relacionados aos assuntos eleitorais ao seguinte endere\u00e7o:<strong> <a href=\"mailto:consolare.luanda@esteri.it\">consolare.luanda@esteri.it<\/a><\/strong><\/p>\n<p><u><strong>Comunica\u00e7\u00f5es<\/strong><\/u><\/p>\n<p>01\/04\/2025 \u2013\u00a0<a href=\"https:\/\/ambluanda.esteri.it\/pt\/news\/dall_ambasciata\/2025\/04\/referendum-2025-voto-per-corrispondenza-dei-cittadini-italiani-residenti-allestero-e-opzione-per-il-voto-in-italia\/\"><strong>REFERENDOS REVOGATIVOS DE 08-09\/06\/2025 \u2013 Voto por correspond\u00eancia de cidad\u00e3os italianos residentes no exterior e op\u00e7\u00e3o para o voto em It\u00e1lia<\/strong><\/a><\/p>\n<p>14\/04\/2025 \u2013\u00a0<a href=\"https:\/\/ambluanda.esteri.it\/it\/news\/dall_ambasciata\/2025\/04\/referendum-abrogativi-ex-art-75-della-costituzione-8-9-giugno-2025-elettori-temporaneamente-allestero\/\"><strong>Referendum abrogativi ex art. 75 della Costituzione \u2013 8\/9 giugno 2025 ELETTORI TEMPORANEAMENTE ALL\u2019ESTERO<\/strong><\/a><\/p>\n<p>27\/05\/2025 &#8211; <strong><a class=\"text-decoration-none text-body\" title=\"Leia o artigo: REFERENDOS REVOGATIVOS 2025: EMISS\u00c3O DE SEGUNDAS VIAS\" href=\"https:\/\/ambluanda.esteri.it\/pt\/news\/dall_ambasciata\/2025\/05\/referendum-abrogativi-2025-rilascio-dei-duplicati\/\" data-focus-mouse=\"false\">REFERENDOS REVOGATIVOS 2025: EMISS\u00c3O DE SEGUNDAS VIAS<\/a><\/strong><\/p>\n<p><strong><u>Formul\u00e1rios<\/u><\/strong><\/p>\n<p>Modelo para exercitar a op\u00e7\u00e3o de voto em It\u00e1lia [<strong><a href=\"https:\/\/ambluanda.esteri.it\/wp-content\/uploads\/2025\/04\/2191331.1-Modulo_di_opzione_Referendum_2025.doc\">clicar aqui<\/a><\/strong>]<\/p>\n<p>Modelo para solicitar a emiss\u00e3o de segunda via [<a href=\"https:\/\/ambluanda.esteri.it\/wp-content\/uploads\/2025\/05\/Modello-richiesta-duplicato-Amb.-Luanda.docx\"><strong>clicar aqui<\/strong><\/a>]<\/p>\n","protected":false},"excerpt":{"rendered":"Todas as informa\u00e7\u00f5es, comunicados, formul\u00e1rios e o calend\u00e1rio ser\u00e3o publicados nesta sec\u00e7\u00e3o.\u00a0 Por favor enviar os pedidos relacionados aos assuntos eleitorais ao seguinte endere\u00e7o: consolare.luanda@esteri.it Comunica\u00e7\u00f5es 01\/04\/2025 \u2013\u00a0REFERENDOS REVOGATIVOS DE 08-09\/06\/2025 \u2013 Voto por correspond\u00eancia de cidad\u00e3os italianos residentes no exterior e op\u00e7\u00e3o para o voto em It\u00e1lia 14\/04\/2025 \u2013\u00a0Referendum abrogativi ex art. 75 della [&hellip;]","protected":false},"author":4,"featured_media":0,"parent":248,"menu_order":0,"comment_status":"closed","ping_status":"closed","template":"","meta":{"footnotes":""},"class_list":["post-2624","page","type-page","status-publish","hentry"],"_links":{"self":[{"href":"https:\/\/ambluanda.esteri.it\/pt\/wp-json\/wp\/v2\/pages\/2624","targetHints":{"allow":["GET"]}}],"collection":[{"href":"https:\/\/ambluanda.esteri.it\/pt\/wp-json\/wp\/v2\/pages"}],"about":[{"href":"https:\/\/ambluanda.esteri.it\/pt\/wp-json\/wp\/v2\/types\/page"}],"author":[{"embeddable":true,"href":"https:\/\/ambluanda.esteri.it\/pt\/wp-json\/wp\/v2\/users\/4"}],"replies":[{"embeddable":true,"href":"https:\/\/ambluanda.esteri.it\/pt\/wp-json\/wp\/v2\/comments?post=2624"}],"version-history":[{"count":6,"href":"https:\/\/ambluanda.esteri.it\/pt\/wp-json\/wp\/v2\/pages\/2624\/revisions"}],"predecessor-version":[{"id":2812,"href":"https:\/\/ambluanda.esteri.it\/pt\/wp-json\/wp\/v2\/pages\/2624\/revisions\/2812"}],"up":[{"embeddable":true,"href":"https:\/\/ambluanda.esteri.it\/pt\/wp-json\/wp\/v2\/pages\/248"}],"wp:attachment":[{"href":"https:\/\/ambluanda.esteri.it\/pt\/wp-json\/wp\/v2\/media?parent=2624"}],"curies":[{"name":"wp","href":"https:\/\/api.w.org\/{rel}","templated":true}]}}