{"id":3463,"date":"2026-02-06T15:41:47","date_gmt":"2026-02-06T14:41:47","guid":{"rendered":"https:\/\/ambluanda.esteri.it\/servizi-consolari-e-visti\/servizi-per-il-cittadino-italiano\/servizi-elettorali\/referendum-costituzionale-confermativo-2026\/"},"modified":"2026-03-05T16:49:43","modified_gmt":"2026-03-05T15:49:43","slug":"referendum-costituzionale-confermativo-2026","status":"publish","type":"page","link":"https:\/\/ambluanda.esteri.it\/pt\/servizi-consolari-e-visti\/servizi-per-il-cittadino-italiano\/servizi-elettorali\/referendum-costituzionale-confermativo-2026\/","title":{"rendered":"Referendo constitucional confirmativo 2026"},"content":{"rendered":"<p><img loading=\"lazy\" decoding=\"async\" class=\"alignnone size-medium wp-image-3405 img-fluid\" src=\"https:\/\/ambluanda.esteri.it\/wp-content\/uploads\/2026\/01\/Referendum_Costituzionale_Confermativo_22_23_marzo_2026-300x197.jpeg\" alt=\"\" width=\"300\" height=\"197\" srcset=\"https:\/\/ambluanda.esteri.it\/wp-content\/uploads\/2026\/01\/Referendum_Costituzionale_Confermativo_22_23_marzo_2026-300x197.jpeg 300w, https:\/\/ambluanda.esteri.it\/wp-content\/uploads\/2026\/01\/Referendum_Costituzionale_Confermativo_22_23_marzo_2026-1024x674.jpeg 1024w, https:\/\/ambluanda.esteri.it\/wp-content\/uploads\/2026\/01\/Referendum_Costituzionale_Confermativo_22_23_marzo_2026-768x505.jpeg 768w, https:\/\/ambluanda.esteri.it\/wp-content\/uploads\/2026\/01\/Referendum_Costituzionale_Confermativo_22_23_marzo_2026.jpeg 1600w\" sizes=\"auto, (max-width: 300px) 100vw, 300px\" \/><\/p>\n<p style=\"text-align: justify;\" data-start=\"49\" data-end=\"112\"><strong data-start=\"49\" data-end=\"112\">VOTO POR CORRESPOND\u00caNCIA DOS CIDAD\u00c3OS ITALIANOS NO EXTERIOR<\/strong><\/p>\n<p style=\"text-align: justify;\" data-start=\"114\" data-end=\"407\">Por decreto do Presidente da Rep\u00fablica de 13\/01\/2026, publicado no Di\u00e1rio Oficial de 14\/01\/2026, foi fixado para os <strong>dias 22 e 23 de MAR\u00c7O de 2026<\/strong> a data do referendo nos termos do art. 138 da Constitui\u00e7\u00e3o para a altera\u00e7\u00e3o de alguns artigos da Constitui\u00e7\u00e3o (denominada \u201cReforma da Justi\u00e7a\u201d).<\/p>\n<p style=\"text-align: justify;\" data-start=\"409\" data-end=\"500\"><strong>Todas as informa\u00e7\u00f5es, comunicados, formul\u00e1rios e o calend\u00e1rio ser\u00e3o publicados nesta sec\u00e7\u00e3o.<\/strong><\/p>\n<p style=\"text-align: justify;\" data-start=\"502\" data-end=\"627\" data-is-last-node=\"\" data-is-only-node=\"\">Solicita-se que os pedidos relativos \u00e0 mat\u00e9ria eleitoral sejam enviados para o endere\u00e7o de e-mail: <a class=\"decorated-link cursor-pointer\" href=\"consolare.luanda@esteri.it\" rel=\"noopener\" data-start=\"601\" data-end=\"627\" data-is-last-node=\"\"><strong>consolare.luanda@esteri.it<\/strong><\/a><\/p>\n<p><u><strong><br \/>\nComunica\u00e7\u00f5es<\/strong><\/u><\/p>\n<p>05\/03\/2026 &#8211; <strong><a href=\"https:\/\/ambluanda.esteri.it\/pt\/news\/dall_ambasciata\/2026\/03\/referendum-costituzionale-22-23-marzo-2026-rilascio-dei-duplicati\/\">Referendo constitucional 22-23 de Mar\u00e7o de 2026: Emiss\u00e3o de duplicados<\/a><\/strong><\/p>\n<p>18\/02\/2026 &#8211; <strong><a href=\"https:\/\/ambluanda.esteri.it\/pt\/news\/dall_ambasciata\/2026\/02\/referendum-confermativo-2026\/\">Referendo confirmativo 2026 \u2013 Aviso t\u00e9rmino do prazo para solicitar o voto por correspond\u00eancia<\/a><\/strong><\/p>\n<p>27\/01\/2026 &#8211; <a href=\"https:\/\/ambluanda.esteri.it\/pt\/news\/dall_ambasciata\/2026\/01\/referendum-confermativo-22-23-marzo-2026-opzione-degli-elettori-temporaneamente-allestero\/\"><strong>Referendo confirmativo 22-23 de Mar\u00e7o de 2026 \u2013 Op\u00e7\u00e3o dos eleitores temporariamente no exterior<\/strong><\/a><\/p>\n<p>16\/01\/2026 &#8211; <strong><a href=\"https:\/\/ambluanda.esteri.it\/pt\/news\/dall_ambasciata\/2026\/01\/referendum-costituzionale-confermativo-dei-giorni-22-e-23-marzo-2026\/\">Referendo constitucional confirmativo dias 22 e 23 de Mar\u00e7o de 2026<\/a><\/strong><\/p>\n<p>&nbsp;<\/p>\n<p><strong><u>Formul\u00e1rios<\/u><\/strong><\/p>\n<p>Formul\u00e1rio de pedido de duplicado &#8211; Referendo 2026 [<a href=\"https:\/\/ambluanda.esteri.it\/wp-content\/uploads\/2026\/03\/19.2-Modulo-richiesta-duplicati-1-1.doc\"><strong>clicar aqui<\/strong><\/a>]<\/p>\n<p>Formul\u00e1rio de op\u00e7\u00e3o &#8211; Referendo 2026 [<a href=\"https:\/\/ambluanda.esteri.it\/wp-content\/uploads\/2026\/01\/ALL.-1-Modulo_di_opzione_Referendum_2026.pdf\"><strong>clicar aqui<\/strong><\/a>]<\/p>\n<p>Formul\u00e1rio de op\u00e7\u00e3o tempor\u00e1rios &#8211; Referendo 2026 [<strong><a href=\"https:\/\/ambluanda.esteri.it\/wp-content\/uploads\/2026\/01\/12.-Modello-Opzione-Temporanei-Referendum-2026.pdf\">clicar aqui<\/a><\/strong>]<\/p>\n<p>Brochura informativa &#8211; Referendo 2026 [<a href=\"https:\/\/ambluanda.esteri.it\/wp-content\/uploads\/2026\/01\/Brochure-informativa-Referendum-2026-00000002.pdf\"><strong>clicar aqui<\/strong><\/a>]<\/p>\n","protected":false},"excerpt":{"rendered":"VOTO POR CORRESPOND\u00caNCIA DOS CIDAD\u00c3OS ITALIANOS NO EXTERIOR Por decreto do Presidente da Rep\u00fablica de 13\/01\/2026, publicado no Di\u00e1rio Oficial de 14\/01\/2026, foi fixado para os dias 22 e 23 de MAR\u00c7O de 2026 a data do referendo nos termos do art. 138 da Constitui\u00e7\u00e3o para a altera\u00e7\u00e3o de alguns artigos da Constitui\u00e7\u00e3o (denominada \u201cReforma [&hellip;]","protected":false},"author":4,"featured_media":0,"parent":248,"menu_order":2,"comment_status":"closed","ping_status":"closed","template":"","meta":{"footnotes":""},"class_list":["post-3463","page","type-page","status-publish","hentry"],"_links":{"self":[{"href":"https:\/\/ambluanda.esteri.it\/pt\/wp-json\/wp\/v2\/pages\/3463","targetHints":{"allow":["GET"]}}],"collection":[{"href":"https:\/\/ambluanda.esteri.it\/pt\/wp-json\/wp\/v2\/pages"}],"about":[{"href":"https:\/\/ambluanda.esteri.it\/pt\/wp-json\/wp\/v2\/types\/page"}],"author":[{"embeddable":true,"href":"https:\/\/ambluanda.esteri.it\/pt\/wp-json\/wp\/v2\/users\/4"}],"replies":[{"embeddable":true,"href":"https:\/\/ambluanda.esteri.it\/pt\/wp-json\/wp\/v2\/comments?post=3463"}],"version-history":[{"count":5,"href":"https:\/\/ambluanda.esteri.it\/pt\/wp-json\/wp\/v2\/pages\/3463\/revisions"}],"predecessor-version":[{"id":3670,"href":"https:\/\/ambluanda.esteri.it\/pt\/wp-json\/wp\/v2\/pages\/3463\/revisions\/3670"}],"up":[{"embeddable":true,"href":"https:\/\/ambluanda.esteri.it\/pt\/wp-json\/wp\/v2\/pages\/248"}],"wp:attachment":[{"href":"https:\/\/ambluanda.esteri.it\/pt\/wp-json\/wp\/v2\/media?parent=3463"}],"curies":[{"name":"wp","href":"https:\/\/api.w.org\/{rel}","templated":true}]}}