{"id":3730,"date":"2026-03-06T10:42:40","date_gmt":"2026-03-06T09:42:40","guid":{"rendered":"https:\/\/ambluanda.esteri.it\/italia-e-angola\/diplomazia-economica\/business-insights-from-italy-a-letter-to-international-investors\/"},"modified":"2026-03-06T10:52:12","modified_gmt":"2026-03-06T09:52:12","slug":"business-insights-from-italy-a-letter-to-international-investors","status":"publish","type":"page","link":"https:\/\/ambluanda.esteri.it\/pt\/italia-e-angola\/diplomazia-economica\/business-insights-from-italy-a-letter-to-international-investors\/","title":{"rendered":"Business Insights from Italy \u2013 A Letter to International Investors"},"content":{"rendered":"<p style=\"text-align: justify;\"><strong><em><img loading=\"lazy\" decoding=\"async\" class=\"\" src=\"https:\/\/ambluanda.esteri.it\/wp-content\/uploads\/2026\/02\/Business-Insight.png\" width=\"834\" height=\"501\" \/><br \/>\n\u201cBusiness Insights from Italy \u2013 A Letter to International Investors\u201d <\/em><\/strong>\u00e9 a newsletter mensal do <strong data-start=\"98\" data-end=\"168\">Minist\u00e9rio dos Neg\u00f3cios Estrangeiros e da Coopera\u00e7\u00e3o Internacional<\/strong>, realizada em colabora\u00e7\u00e3o com <strong data-start=\"199\" data-end=\"234\">The European House \u2013 Ambrosetti<\/strong>.<\/p>\n<p data-start=\"237\" data-end=\"408\" data-is-last-node=\"\" data-is-only-node=\"\">A publica\u00e7\u00e3o fornece actualiza\u00e7\u00f5es sobre o panorama macroecon\u00f3mico italiano, sobre os sectores industriais de It\u00e1lia e sobre pol\u00edticas dirigidas \u00e0 investidores estrangeiros.<\/p>\n<p style=\"text-align: justify;\"><strong>Ano 2026<\/strong><\/p>\n<ul>\n<li><a href=\"https:\/\/ambluanda.esteri.it\/wp-content\/uploads\/2026\/02\/19.-BUSINESS-INSIGHTS-FROM-ITALY-NUMERO-DI-FEBBRAIO-2026-1.pdf\"><em>Business Insights from Italy<\/em> (Fevereiro 2026)<\/a><\/li>\n<li><a href=\"https:\/\/ambluanda.esteri.it\/wp-content\/uploads\/2026\/03\/18.-BUSINESS-INSIGHTS-FROM-ITALY-NUMERO-DI-GENNAIO-2026.pdf\"><em>Business Insights from Italy<\/em> (Janeiro 2026)<\/a><\/li>\n<\/ul>\n<p><strong>Ano 2025<\/strong><\/p>\n<ul>\n<li><a href=\"https:\/\/ambluanda.esteri.it\/wp-content\/uploads\/2026\/03\/17.-BUSINESS-INSIGHTS-FROM-ITALY-NUMERO-DI-DICEMBRE-2025.pdf\"><em>Business Insights from Italy<\/em> (Dezembro 2025)<\/a><\/li>\n<li><a href=\"https:\/\/ambluanda.esteri.it\/wp-content\/uploads\/2026\/03\/16.-BUSINESS-INSIGHTS-FROM-ITALY-NUMERO-DI-NOVEMBRE-2025.pdf\"><em>Business Insights from Italy<\/em> (Novembro 2025)<\/a><\/li>\n<li><a href=\"https:\/\/ambluanda.esteri.it\/wp-content\/uploads\/2026\/03\/15.-BUSINESS-INSIGHTS-FROM-ITALY-NUMERO-DI-OTTOBRE-2025.pdf\"><em>Business Insights from Italy<\/em> (Outubro 2025)<\/a><\/li>\n<li><a href=\"https:\/\/ambluanda.esteri.it\/wp-content\/uploads\/2026\/03\/14.-BUSINESS-INSIGHTS-FROM-ITALY-NUMERO-DI-SETTEMBRE-2025.pdf\"><em>Business Insights from Italy<\/em> (Setembro 2025)<\/a><\/li>\n<li><a href=\"https:\/\/ambluanda.esteri.it\/wp-content\/uploads\/2026\/03\/13.-BUSINESS-INSIGHTS-FROM-ITALY-NUMERO-DI-AGOSTO-2025.pdf\"><em>Business Insights from Italy<\/em>\u00a0(Agosto 2025)<\/a><\/li>\n<li><a href=\"https:\/\/ambluanda.esteri.it\/wp-content\/uploads\/2026\/03\/12.-BUSINESS-INSIGHTS-FROM-ITALY-NUMERO-DI-LUGLIO-2025.pdf\"><em>Business Insights from Italy\u00a0<\/em>(Julho 2025)<\/a><\/li>\n<li><a href=\"https:\/\/ambluanda.esteri.it\/wp-content\/uploads\/2026\/03\/11.-BUSINESS-INSIGHTS-FROM-ITALY-NUMERO-DI-GIUGNO-2025.pdf\"><em>Business Insights from Italy\u00a0<\/em>(Junho 2025)<\/a><\/li>\n<li><a href=\"https:\/\/ambluanda.esteri.it\/wp-content\/uploads\/2026\/03\/10.-BUSINESS-INSIGHTS-FROM-ITALY-NUMERO-DI-MAGGIO-2025.pdf\"><em>Business Insights from Italy\u00a0<\/em>(Maio 2025)<\/a><\/li>\n<li><a href=\"https:\/\/ambluanda.esteri.it\/wp-content\/uploads\/2026\/03\/9.-BUSINESS-INSIGHTS-FROM-ITALY-NUMERO-DI-APRILE-2025.pdf\"><em>Business Insights from Italy\u00a0<\/em>(Abril 2025)<\/a><\/li>\n<li><a href=\"https:\/\/ambluanda.esteri.it\/wp-content\/uploads\/2026\/03\/8.-BUSINESS-INSIGHTS-FROM-ITALY-NUMERO-DI-MARZO-2025.pdf\"><em>Business Insights from Italy <\/em>(Mar\u00e7o 2025)<\/a><\/li>\n<li><a href=\"https:\/\/ambluanda.esteri.it\/wp-content\/uploads\/2026\/03\/7.-BUSINESS-INSIGHTS-FROM-ITALY-NUMERO-DI-FEBBRAIO-2025.pdf\"><em>Business Insights from Italy<\/em> (Fevereiro 2025)<\/a><\/li>\n<li><a href=\"https:\/\/ambluanda.esteri.it\/wp-content\/uploads\/2026\/03\/6.-BUSINESS-INSIGHTS-FROM-ITALY-NUMERO-DI-GENNAIO-2025.pdf\"><em>Business Insights from Italy<\/em> (Janeiro 2025)<\/a><\/li>\n<\/ul>\n<p><strong>Ano 2024<\/strong><\/p>\n<ul>\n<li><a href=\"https:\/\/ambluanda.esteri.it\/wp-content\/uploads\/2026\/03\/5.-BUSINESS-INSIGHTS-FROM-ITALY-NUMERO-DI-DICEMBRE-2024.pdf\"><em>Business Insights from Italy<\/em> (Dezembro 2024)<\/a><\/li>\n<li><a href=\"https:\/\/ambluanda.esteri.it\/wp-content\/uploads\/2026\/03\/4.-BUSINESS-INSIGHTS-FROM-ITALY-NUMERO-DI-NOVEMBRE-2024.pdf\"><em>Business Insights from Italy<\/em> (Novembro 2024)<\/a><\/li>\n<li><a href=\"https:\/\/ambluanda.esteri.it\/wp-content\/uploads\/2026\/03\/3.-BUSINESS-INSIGHTS-FROM-ITALY-NUMERO-DI-OTTOBRE-2024.pdf\"><em>Business Insights from Italy<\/em> (Outubro 2024)<\/a><\/li>\n<li><a href=\"https:\/\/ambluanda.esteri.it\/wp-content\/uploads\/2026\/03\/2.-BUSINESS-INSIGHTS-FROM-ITALY_-NUMERO-DI-SETTEMBRE-2024.pdf\"><em>Business Insights from Italy<\/em> (Setembro 2024)<\/a><\/li>\n<li><a href=\"https:\/\/ambluanda.esteri.it\/wp-content\/uploads\/2026\/03\/1.-BUSINESS-INSIGHTS-FROM-ITALY_-NUMERO-DI-LUGLIO-2024.pdf\"><em>Business Insights from Italy<\/em> (Julho 2024)<\/a><\/li>\n<\/ul>\n<p>&nbsp;<\/p>\n","protected":false},"excerpt":{"rendered":"\u201cBusiness Insights from Italy \u2013 A Letter to International Investors\u201d \u00e9 a newsletter mensal do Minist\u00e9rio dos Neg\u00f3cios Estrangeiros e da Coopera\u00e7\u00e3o Internacional, realizada em colabora\u00e7\u00e3o com The European House \u2013 Ambrosetti. A publica\u00e7\u00e3o fornece actualiza\u00e7\u00f5es sobre o panorama macroecon\u00f3mico italiano, sobre os sectores industriais de It\u00e1lia e sobre pol\u00edticas dirigidas \u00e0 investidores estrangeiros. Ano [&hellip;]","protected":false},"author":4,"featured_media":0,"parent":214,"menu_order":3,"comment_status":"closed","ping_status":"closed","template":"","meta":{"footnotes":""},"class_list":["post-3730","page","type-page","status-publish","hentry"],"_links":{"self":[{"href":"https:\/\/ambluanda.esteri.it\/pt\/wp-json\/wp\/v2\/pages\/3730","targetHints":{"allow":["GET"]}}],"collection":[{"href":"https:\/\/ambluanda.esteri.it\/pt\/wp-json\/wp\/v2\/pages"}],"about":[{"href":"https:\/\/ambluanda.esteri.it\/pt\/wp-json\/wp\/v2\/types\/page"}],"author":[{"embeddable":true,"href":"https:\/\/ambluanda.esteri.it\/pt\/wp-json\/wp\/v2\/users\/4"}],"replies":[{"embeddable":true,"href":"https:\/\/ambluanda.esteri.it\/pt\/wp-json\/wp\/v2\/comments?post=3730"}],"version-history":[{"count":1,"href":"https:\/\/ambluanda.esteri.it\/pt\/wp-json\/wp\/v2\/pages\/3730\/revisions"}],"predecessor-version":[{"id":3731,"href":"https:\/\/ambluanda.esteri.it\/pt\/wp-json\/wp\/v2\/pages\/3730\/revisions\/3731"}],"up":[{"embeddable":true,"href":"https:\/\/ambluanda.esteri.it\/pt\/wp-json\/wp\/v2\/pages\/214"}],"wp:attachment":[{"href":"https:\/\/ambluanda.esteri.it\/pt\/wp-json\/wp\/v2\/media?parent=3730"}],"curies":[{"name":"wp","href":"https:\/\/api.w.org\/{rel}","templated":true}]}}